{"id":1618,"date":"2023-11-19T23:22:14","date_gmt":"2023-11-19T23:22:14","guid":{"rendered":"https:\/\/milanjahemp.com\/?page_id=1618"},"modified":"2023-11-23T09:51:31","modified_gmt":"2023-11-23T09:51:31","slug":"impronta","status":"publish","type":"page","link":"https:\/\/milanjahemp.com\/index.php\/impronta\/","title":{"rendered":"Impronta"},"content":{"rendered":"\t\t<div data-elementor-type=\"wp-page\" data-elementor-id=\"1618\" class=\"elementor elementor-1618\" data-elementor-post-type=\"page\">\n\t\t\t\t\t\t\t<div class=\"elementor-element elementor-element-1245dac e-flex e-con-boxed e-con e-parent\" data-id=\"1245dac\" data-element_type=\"container\" data-settings=\"{&quot;content_width&quot;:&quot;boxed&quot;}\" data-core-v316-plus=\"true\">\n\t\t\t\t\t<div class=\"e-con-inner\">\n\t\t\t\t<div class=\"elementor-element elementor-element-c84be58 elementor-widget elementor-widget-text-editor\" data-id=\"c84be58\" data-element_type=\"widget\" data-widget_type=\"text-editor.default\">\n\t\t\t\t<div class=\"elementor-widget-container\">\n\t\t\t<style>\/*! elementor - v3.17.0 - 08-11-2023 *\/\n.elementor-widget-text-editor.elementor-drop-cap-view-stacked .elementor-drop-cap{background-color:#69727d;color:#fff}.elementor-widget-text-editor.elementor-drop-cap-view-framed .elementor-drop-cap{color:#69727d;border:3px solid;background-color:transparent}.elementor-widget-text-editor:not(.elementor-drop-cap-view-default) .elementor-drop-cap{margin-top:8px}.elementor-widget-text-editor:not(.elementor-drop-cap-view-default) .elementor-drop-cap-letter{width:1em;height:1em}.elementor-widget-text-editor .elementor-drop-cap{float:left;text-align:center;line-height:1;font-size:50px}.elementor-widget-text-editor .elementor-drop-cap-letter{display:inline-block}<\/style>\t\t\t\t<p><br \/>Contatto<br \/>Jerycan s.r.o.<br \/>Vojt\u011b\u0161sk\u00e1 211\/6, Nov\u00e9 M\u011bsto<br \/>110 00 Praga<\/p><p>\u00a0<\/p><p><br \/>CZ 04618491<\/p><p>E-Mail: info@milanjahemp.com<\/p><p>Responsabile del contenuto ai sensi del \u00a7 55 Abs. 2 RStV<\/p><p>Jerycan s.r.o.<br \/>Vojt\u011b\u0161sk\u00e1 211\/6, Nov\u00e9 M\u011bsto<br \/>110 00 Praha<\/p><p>Risoluzione delle controversie UE<\/p><p>La Commissione europea mette a disposizione una piattaforma per la risoluzione delle controversie online (OS): https:\/\/ec.europa.eu\/consumers\/odr.<br \/>Il nostro indirizzo e-mail si trova sopra l&#8217;impronta.<\/p><p>Risoluzione delle controversie dei consumatori\/Consiglio arbitrale universale<\/p><p>Non siamo disposti o obbligati a partecipare a procedure di risoluzione delle controversie davanti a un collegio arbitrale dei consumatori.<\/p><p>Responsabilit\u00e0 per i contenuti<\/p><p>In qualit\u00e0 di fornitore di servizi, siamo responsabili dei nostri contenuti su queste pagine ai sensi dell&#8217;articolo 7, paragrafo 1, della legge tedesca sui media telematici (TMG). Ai sensi dei \u00a7\u00a7 da 8 a 10 della TMG, tuttavia, in qualit\u00e0 di fornitore di servizi non siamo obbligati a monitorare le informazioni trasmesse o memorizzate da terzi o a indagare su circostanze che indicano un&#8217;attivit\u00e0 illegale.<\/p><p>Gli obblighi di rimuovere o bloccare l&#8217;uso delle informazioni in base alle leggi generali rimangono inalterati. Tuttavia, la responsabilit\u00e0 in questo senso \u00e8 possibile solo a partire dal momento in cui si viene a conoscenza di una specifica violazione della legge. Non appena verremo a conoscenza di eventuali violazioni della legge, provvederemo a rimuovere immediatamente tali contenuti.<\/p><p>Responsabilit\u00e0 per i link<\/p><p>La nostra offerta contiene link a siti web esterni sui quali non abbiamo alcuna influenza. Pertanto non possiamo assumerci alcuna responsabilit\u00e0 per questi contenuti esterni. Il rispettivo fornitore o gestore delle pagine \u00e8 sempre responsabile del contenuto delle pagine collegate. Le pagine collegate sono state controllate per verificare la presenza di eventuali violazioni legali al momento del collegamento. Al momento del collegamento non sono stati individuati contenuti illegali.<\/p><p>Tuttavia, un controllo permanente del contenuto delle pagine collegate non \u00e8 ragionevole senza prove concrete di una violazione. Non appena verremo a conoscenza di violazioni legali, rimuoveremo immediatamente tali link.<\/p><p>Copyright<\/p><p>I contenuti e le opere presenti in queste pagine creati dai gestori del sito sono soggetti alla legge tedesca sul diritto d&#8217;autore. La duplicazione, la modifica, la distribuzione e qualsiasi tipo di sfruttamento al di fuori dei limiti del copyright richiedono il consenso scritto del rispettivo autore o creatore. Download e copie di questo sito sono consentiti solo per uso privato e non commerciale.<\/p><p>Nella misura in cui i contenuti di questo sito non sono stati creati dal gestore, vengono rispettati i diritti d&#8217;autore di terzi. In particolare, i contenuti di terzi sono contrassegnati come tali. Se tuttavia doveste venire a conoscenza di una violazione del copyright, vi chiediamo di informarci. Non appena verremo a conoscenza di violazioni legali, rimuoveremo immediatamente tali contenuti.<\/p>\t\t\t\t\t\t<\/div>\n\t\t\t\t<\/div>\n\t\t\t\t\t<\/div>\n\t\t\t\t<\/div>\n\t\t\t\t\t\t\t<\/div>\n\t\t","protected":false},"excerpt":{"rendered":"<p>ContattoJerycan s.r.o.Vojt\u011b\u0161sk\u00e1 211\/6, Nov\u00e9 M\u011bsto110 00 Praga \u00a0 CZ 04618491 E-Mail: info@milanjahemp.com Responsabile del contenuto ai sensi del \u00a7 55 Abs. 2 RStV Jerycan s.r.o.Vojt\u011b\u0161sk\u00e1&#8230;<\/p>\n","protected":false},"author":1,"featured_media":0,"parent":0,"menu_order":0,"comment_status":"closed","ping_status":"closed","template":"","meta":{"footnotes":""},"yoast_head":"<!-- This site is optimized with the Yoast SEO plugin v21.7 - https:\/\/yoast.com\/wordpress\/plugins\/seo\/ -->\n<title>Impronta - milanjahemp.com<\/title>\n<meta name=\"robots\" content=\"index, follow, max-snippet:-1, max-image-preview:large, max-video-preview:-1\" \/>\n<link rel=\"canonical\" href=\"https:\/\/milanjahemp.com\/index.php\/impronta\/\" \/>\n<meta property=\"og:locale\" content=\"it_IT\" \/>\n<meta property=\"og:type\" content=\"article\" \/>\n<meta property=\"og:title\" content=\"Impronta - milanjahemp.com\" \/>\n<meta property=\"og:description\" content=\"ContattoJerycan s.r.o.Vojt\u011b\u0161sk\u00e1 211\/6, Nov\u00e9 M\u011bsto110 00 Praga \u00a0 CZ 04618491 E-Mail: info@milanjahemp.com Responsabile del contenuto ai sensi del \u00a7 55 Abs. 2 RStV Jerycan s.r.o.Vojt\u011b\u0161sk\u00e1...\" \/>\n<meta property=\"og:url\" content=\"https:\/\/milanjahemp.com\/index.php\/impronta\/\" \/>\n<meta property=\"og:site_name\" content=\"milanjahemp.com\" \/>\n<meta property=\"article:modified_time\" content=\"2023-11-23T09:51:31+00:00\" \/>\n<meta name=\"twitter:card\" content=\"summary_large_image\" \/>\n<meta name=\"twitter:label1\" content=\"Tempo di lettura stimato\" \/>\n\t<meta name=\"twitter:data1\" content=\"3 minuti\" \/>\n<script type=\"application\/ld+json\" class=\"yoast-schema-graph\">{\"@context\":\"https:\/\/schema.org\",\"@graph\":[{\"@type\":\"WebPage\",\"@id\":\"https:\/\/milanjahemp.com\/index.php\/impronta\/\",\"url\":\"https:\/\/milanjahemp.com\/index.php\/impronta\/\",\"name\":\"Impronta - milanjahemp.com\",\"isPartOf\":{\"@id\":\"https:\/\/milanjahemp.com\/#website\"},\"datePublished\":\"2023-11-19T23:22:14+00:00\",\"dateModified\":\"2023-11-23T09:51:31+00:00\",\"breadcrumb\":{\"@id\":\"https:\/\/milanjahemp.com\/index.php\/impronta\/#breadcrumb\"},\"inLanguage\":\"it-IT\",\"potentialAction\":[{\"@type\":\"ReadAction\",\"target\":[\"https:\/\/milanjahemp.com\/index.php\/impronta\/\"]}]},{\"@type\":\"BreadcrumbList\",\"@id\":\"https:\/\/milanjahemp.com\/index.php\/impronta\/#breadcrumb\",\"itemListElement\":[{\"@type\":\"ListItem\",\"position\":1,\"name\":\"Home\",\"item\":\"https:\/\/milanjahemp.com\/\"},{\"@type\":\"ListItem\",\"position\":2,\"name\":\"Impronta\"}]},{\"@type\":\"WebSite\",\"@id\":\"https:\/\/milanjahemp.com\/#website\",\"url\":\"https:\/\/milanjahemp.com\/\",\"name\":\"milanjahemp.com\",\"description\":\"\",\"potentialAction\":[{\"@type\":\"SearchAction\",\"target\":{\"@type\":\"EntryPoint\",\"urlTemplate\":\"https:\/\/milanjahemp.com\/?s={search_term_string}\"},\"query-input\":\"required name=search_term_string\"}],\"inLanguage\":\"it-IT\"}]}<\/script>\n<!-- \/ Yoast SEO plugin. -->","yoast_head_json":{"title":"Impronta - milanjahemp.com","robots":{"index":"index","follow":"follow","max-snippet":"max-snippet:-1","max-image-preview":"max-image-preview:large","max-video-preview":"max-video-preview:-1"},"canonical":"https:\/\/milanjahemp.com\/index.php\/impronta\/","og_locale":"it_IT","og_type":"article","og_title":"Impronta - milanjahemp.com","og_description":"ContattoJerycan s.r.o.Vojt\u011b\u0161sk\u00e1 211\/6, Nov\u00e9 M\u011bsto110 00 Praga \u00a0 CZ 04618491 E-Mail: info@milanjahemp.com Responsabile del contenuto ai sensi del \u00a7 55 Abs. 2 RStV Jerycan s.r.o.Vojt\u011b\u0161sk\u00e1...","og_url":"https:\/\/milanjahemp.com\/index.php\/impronta\/","og_site_name":"milanjahemp.com","article_modified_time":"2023-11-23T09:51:31+00:00","twitter_card":"summary_large_image","twitter_misc":{"Tempo di lettura stimato":"3 minuti"},"schema":{"@context":"https:\/\/schema.org","@graph":[{"@type":"WebPage","@id":"https:\/\/milanjahemp.com\/index.php\/impronta\/","url":"https:\/\/milanjahemp.com\/index.php\/impronta\/","name":"Impronta - milanjahemp.com","isPartOf":{"@id":"https:\/\/milanjahemp.com\/#website"},"datePublished":"2023-11-19T23:22:14+00:00","dateModified":"2023-11-23T09:51:31+00:00","breadcrumb":{"@id":"https:\/\/milanjahemp.com\/index.php\/impronta\/#breadcrumb"},"inLanguage":"it-IT","potentialAction":[{"@type":"ReadAction","target":["https:\/\/milanjahemp.com\/index.php\/impronta\/"]}]},{"@type":"BreadcrumbList","@id":"https:\/\/milanjahemp.com\/index.php\/impronta\/#breadcrumb","itemListElement":[{"@type":"ListItem","position":1,"name":"Home","item":"https:\/\/milanjahemp.com\/"},{"@type":"ListItem","position":2,"name":"Impronta"}]},{"@type":"WebSite","@id":"https:\/\/milanjahemp.com\/#website","url":"https:\/\/milanjahemp.com\/","name":"milanjahemp.com","description":"","potentialAction":[{"@type":"SearchAction","target":{"@type":"EntryPoint","urlTemplate":"https:\/\/milanjahemp.com\/?s={search_term_string}"},"query-input":"required name=search_term_string"}],"inLanguage":"it-IT"}]}},"_links":{"self":[{"href":"https:\/\/milanjahemp.com\/index.php\/wp-json\/wp\/v2\/pages\/1618"}],"collection":[{"href":"https:\/\/milanjahemp.com\/index.php\/wp-json\/wp\/v2\/pages"}],"about":[{"href":"https:\/\/milanjahemp.com\/index.php\/wp-json\/wp\/v2\/types\/page"}],"author":[{"embeddable":true,"href":"https:\/\/milanjahemp.com\/index.php\/wp-json\/wp\/v2\/users\/1"}],"replies":[{"embeddable":true,"href":"https:\/\/milanjahemp.com\/index.php\/wp-json\/wp\/v2\/comments?post=1618"}],"version-history":[{"count":4,"href":"https:\/\/milanjahemp.com\/index.php\/wp-json\/wp\/v2\/pages\/1618\/revisions"}],"predecessor-version":[{"id":2451,"href":"https:\/\/milanjahemp.com\/index.php\/wp-json\/wp\/v2\/pages\/1618\/revisions\/2451"}],"wp:attachment":[{"href":"https:\/\/milanjahemp.com\/index.php\/wp-json\/wp\/v2\/media?parent=1618"}],"curies":[{"name":"wp","href":"https:\/\/api.w.org\/{rel}","templated":true}]}}