{"id":1620,"date":"2023-11-19T23:22:52","date_gmt":"2023-11-19T23:22:52","guid":{"rendered":"https:\/\/milanjahemp.com\/?page_id=1620"},"modified":"2023-11-23T09:47:16","modified_gmt":"2023-11-23T09:47:16","slug":"termini-e-condizioni-di-vendita","status":"publish","type":"page","link":"https:\/\/milanjahemp.com\/index.php\/termini-e-condizioni-di-vendita\/","title":{"rendered":"Termini e condizioni di vendita"},"content":{"rendered":"\t\t<div data-elementor-type=\"wp-page\" data-elementor-id=\"1620\" class=\"elementor elementor-1620\" data-elementor-post-type=\"page\">\n\t\t\t\t\t\t\t<div class=\"elementor-element elementor-element-e8a6894 e-flex e-con-boxed e-con e-parent\" data-id=\"e8a6894\" data-element_type=\"container\" data-settings=\"{&quot;content_width&quot;:&quot;boxed&quot;}\" data-core-v316-plus=\"true\">\n\t\t\t\t\t<div class=\"e-con-inner\">\n\t\t\t\t<div class=\"elementor-element elementor-element-c444c26 elementor-widget elementor-widget-text-editor\" data-id=\"c444c26\" data-element_type=\"widget\" data-widget_type=\"text-editor.default\">\n\t\t\t\t<div class=\"elementor-widget-container\">\n\t\t\t<style>\/*! elementor - v3.17.0 - 08-11-2023 *\/\n.elementor-widget-text-editor.elementor-drop-cap-view-stacked .elementor-drop-cap{background-color:#69727d;color:#fff}.elementor-widget-text-editor.elementor-drop-cap-view-framed .elementor-drop-cap{color:#69727d;border:3px solid;background-color:transparent}.elementor-widget-text-editor:not(.elementor-drop-cap-view-default) .elementor-drop-cap{margin-top:8px}.elementor-widget-text-editor:not(.elementor-drop-cap-view-default) .elementor-drop-cap-letter{width:1em;height:1em}.elementor-widget-text-editor .elementor-drop-cap{float:left;text-align:center;line-height:1;font-size:50px}.elementor-widget-text-editor .elementor-drop-cap-letter{display:inline-block}<\/style>\t\t\t\t<p>CONDIZIONI GENERALI DI VENDITA A DISTANZA<\/p><p>ARTICOLO 1 \u2013 DEFINIZIONI<\/p><p>1.1 &#8220;T&amp;C&#8221; si riferisce a queste Condizioni Generali di Vendita che regolano tutte le vendite a distanza tra A-Direkt s.r.o. e il CLIENTE. Queste sono applicabili esclusivamente per le vendite online di prodotti elencati sul sito web milanajahemp.com, liberamente accessibile a tutti gli utenti di internet.<\/p><p>1.2 &#8220;CLIENTE&#8221; indica qualsiasi adulto legale, individuo o entit\u00e0, che contratta con il FORNITORE. L&#8217;individuo o l&#8217;entit\u00e0 che accetta questi T&amp;C assicura il pagamento della fattura, anche se emessa a un&#8217;altra terza parte.<\/p><p>1.3 Il sito web di A-Direkt s.r.o. \u00e8 qui denominato &#8220;SITO WEB&#8221;. Il suo indirizzo \u00e8 <a href=\"https:\/\/milanjahemp.com\/\" target=\"_new\">https:\/\/milanjahemp.com\/<\/a> dove sono presentati questi T&amp;C.<\/p><p>1.4 &#8220;PRODOTTO&#8221; indica qualsiasi articolo, la cui commercializzazione \u00e8 gestita da A-Direkt s.r.o.<\/p><p>1.5 A-Direkt s.r.o. pu\u00f2 essere contattato tramite: \u25cf Telefono: (si prega di fornire il numero di telefono) \u25cf Email: <a href=\"mailto:info@milanjahemp.com\" target=\"_new\">info@milanjahemp.com<\/a> \u25cf Modulo di contatto disponibile sul SITO WEB \u25cf Indirizzo: A-Direkt s.r.o., Vojt\u011b\u0161sk\u00e1 211\/6, Nov\u00e9 M\u011bsto, 110 00 Praga<\/p><p>ARTICOLO 2 \u2013 ACCETTAZIONE DEI T&amp;C<\/p><p>2.1 Effettuando un ordine, il CLIENTE accetta automaticamente e accoglie questi T&amp;C. I T&amp;C regolano esclusivamente gli accordi di acquisto online dei prodotti di A-Direkt s.r.o. con il CLIENTE.<\/p><p>2.2 I T&amp;C sono forniti al consumatore sul sito web del venditore e possono essere direttamente consultati.<\/p><p>2.3 Le modifiche ai T&amp;C sono a discrezione di A-Direkt s.r.o. In caso di modifiche, si applicheranno i T&amp;C validi al momento dell&#8217;ordine.<\/p><p>ARTICOLO 3 \u2013 PRODOTTI<\/p><p>3.1 I prodotti offerti in vendita sono ciascuno soggetti a una descrizione che ne dettaglia le principali caratteristiche. Le fotografie che illustrano i prodotti non costituiscono un documento contrattuale.<\/p><p>3.2 I prodotti sono offerti fino ad esaurimento scorte.<\/p><p>3.3 I prodotti sono conformi alle normative vigenti al momento della loro vendita.<\/p><p>ARTICOLO 4 \u2013 PREZZI<\/p><p>4.1 I prezzi di vendita sono indicati per ciascun prodotto elencato sul sito web, in euro, inclusi tutte le tasse ma escluse le spese di consegna e di trasporto.<\/p><p>4.2 Il prezzo di vendita di un prodotto \u00e8 valido nel giorno dell&#8217;ordine.<\/p><p>4.3 A-Direkt s.r.o. si riserva il diritto di modificare i suoi prezzi in qualsiasi momento.<\/p><p>ARTICOLO 5 \u2013 OFFERTE<\/p><p>5.1 Le offerte di vendita online presentate sul SITO WEB sono riservate ai CLIENTI residenti nell&#8217;Unione Europea e per le consegne all&#8217;interno degli stessi territori.<\/p><p>5.2 Le offerte di vendita online sono valide salvo diversa indicazione, fino ad esaurimento scorte.<\/p><p>ARTICOLO 6 \u2013 ACCOUNT CLIENTE<\/p><p>Prima di effettuare un ordine, il CLIENTE pu\u00f2 aver bisogno di creare un account. Il CLIENTE \u00e8 obbligato a fornire informazioni accurate e a mantenere la riservatezza dei dettagli del proprio account.<\/p><p>ARTICOLO 7 \u2013 ORDINI<\/p><p>7.1 Le vendite tramite il sito web sono riservate esclusivamente a coloro che hanno almeno 18 anni e sono legalmente capaci di concludere accordi di acquisto.<\/p><p>7.2 Conferma dell&#8217;ordine: Un&#8217;email di conferma dell&#8217;ordine e del suo pagamento sar\u00e0 inviata da A-Direkt s.r.o. prontamente.<\/p><p>7.3 A-Direkt s.r.o. si riserva il diritto di rifiutare gli ordini per motivi legittimi, soprattutto quando le quantit\u00e0 di prodotti sono insolitamente alte per singoli acquirenti o in caso di controversia.<\/p><p>7.4 Archiviazione: Le comunicazioni, gli ordini e le fatture vengono archiviati per creare una copia fedele e duratura, che serve come prova dell&#8217;accordo.<\/p><p>ARTICOLO 8 \u2013 PAGAMENTO<\/p><p>Il prezzo dei prodotti diventa dovuto per intero alla conferma dell&#8217;ordine.<\/p><p>8.1 Tutti i prezzi dei prodotti sono indicati in Euro (\u20ac) e includono l&#8217;IVA secondo l&#8217;articolo L. 112-1 del Codice del Consumo. I costi di spedizione e tutti gli altri costi aggiuntivi, compresa l&#8217;IVA e indicati in Euro (\u20ac), saranno visualizzati separatamente nel modulo d&#8217;ordine prima che il cliente proceda con l&#8217;invio dell&#8217;ordine.<\/p><p>8.2 Il prezzo dei prodotti pu\u00f2 essere modificato da A-Direkt s.r.o. in qualsiasi momento senza preavviso. Il prezzo addebitato al cliente sar\u00e0 il prezzo visualizzato sulla scheda informativa del prodotto al momento dell&#8217;effettuazione dell&#8217;ordine.<\/p><p>Qualsiasi variazione di prezzo (in aumento o in diminuzione) dopo l&#8217;invio dell&#8217;ordine non sar\u00e0 considerata.<\/p><p>8.3 I pagamenti per i prodotti possono essere effettuati con carta di credito o tramite i servizi WeldPay e Vivawallet. Se uno di questi metodi\/soluzioni di pagamento non pu\u00f2 essere utilizzato in relazione a un particolare prodotto, ci\u00f2 sar\u00e0 chiaramente indicato sul sito web all&#8217;inizio del processo di acquisto.<\/p><p>8.4 Una ricevuta di pagamento \u00e8 automaticamente emessa con ogni acquisto. Per il primo acquisto, al cliente verr\u00e0 chiesto di fornire i dati di intestazione della ricevuta. Il cliente garantisce l&#8217;accuratezza dei dettagli forniti e si impegna a risarcire A-Direkt s.r.o. per eventuali danni, comprese le sanzioni imposte dalle autorit\u00e0 competenti, che potrebbero derivare da qualsiasi dichiarazione falsa.<\/p><p>8.5 Sicurezza del pagamento: Il nostro sito web impiega sistemi di pagamento sicuri.<\/p><p>8.6 Ritardo nel pagamento: Se il prezzo pieno non viene pagato entro dieci giorni, il contratto sar\u00e0 considerato automaticamente risolto.<\/p><p>ARTICOLO 9 \u2013 CONSEGNA<\/p><p>9.1 I prodotti ordinati saranno consegnati, a seguito del pagamento dell&#8217;ordine, all&#8217;indirizzo fornito dal cliente. A tal fine, il cliente deve fornire ad A-Direkt s.r.o. un indirizzo di consegna valido e preciso.<\/p><p>9.2 Costi di spedizione: I costi di spedizione sono a carico del cliente, a meno che l&#8217;ordine non superi un importo precedentemente determinato come per la lista prezzi disponibile sul sito web milanajahemp.com. Le condizioni di consegna sono separate indicate durante il processo di acquisto e nel riepilogo dell&#8217;ordine, e sempre prima che il cliente invii l&#8217;ordine. Saranno anche menzionati nella conferma dell&#8217;ordine.<\/p><p>9.3 Condizioni di consegna: I prodotti saranno consegnati all&#8217;indirizzo specificato dal cliente sulla conferma dell&#8217;ordine. Tutti i prodotti disponibili sul sito web sono spediti dalla Repubblica Ceca. Possono essere spediti in tutta l&#8217;Unione Europea, comprese le principali destinazioni come Francia, Belgio e Lussemburgo.<\/p><p>ARTICOLO 10 \u2013 RECLAMI<\/p><p>In caso di controversia, il cliente dovrebbe presentare un reclamo amichevole ad A-Direkt s.r.o. via email a <a href=\"mailto:info@milanjahemp.com\" target=\"_new\">info@milanjahemp.com<\/a> o per posta al seguente indirizzo: A-Direkt s.r.o., Vojt\u011b\u0161sk\u00e1 211\/6, Nov\u00e9 M\u011bsto, 110 00 Praga.<\/p><p>ARTICOLO 11 \u2013 PROPRIET\u00c0 INTELLETTUALE<\/p><p>I contenuti del sito web <a href=\"http:\/\/www.milanjahemp.com\/\" target=\"_new\">www.milanjahemp.com<\/a>, la struttura generale, i software, i testi, le immagini animate o non animate, le fotografie, il know-how e tutti gli altri elementi che compongono il sito sono di propriet\u00e0 esclusiva di A-Direkt s.r.o. o dei suoi partner. Ogni rappresentazione di questo sito, totale o parziale, con qualsiasi mezzo, senza l&#8217;autorizzazione espressa di A-Direkt s.r.o. \u00e8 proibita e costituirebbe una violazione sanzionata dalla legge sulla propriet\u00e0 intellettuale.<\/p><p>Marchi, nomi di dominio e loghi presenti sul sito sono protetti dalla legge sulla propriet\u00e0 intellettuale. Pertanto, \u00e8 vietata qualsiasi riproduzione, totale o parziale, di questi segni distintivi senza l&#8217;autorizzazione espressa di A-Direkt s.r.o.<\/p><p>ARTICOLO 12 \u2013 FORZA MAGGIORE<\/p><p>L&#8217;esecuzione completa o parziale dei suoi obblighi da parte di A-Direkt s.r.o. sar\u00e0 sospesa in caso di eventi imprevisti o di forza maggiore che potrebbero invalidare o ritardare l&#8217;esecuzione. A-Direkt s.r.o. si impegna a notificare al cliente quanto prima in uno scenario del genere.<\/p><p>ARTICOLO 13 \u2013 LEGGE APPLICABILE<\/p><p>Questo contratto e i T&amp;C che lo regolano sono soggetti alla legge ceca, nonostante le disposizioni obbligatorie del paese di residenza del consumatore. In assenza di una soluzione amichevole, tutte le controversie relative a questo contratto rientreranno nella giurisdizione del tribunale ceco.<\/p><p>Acquistando sul sito web, il CLIENTE riconosce di aver letto, compreso e accettato i T&amp;C senza riserve.<\/p><p>Si prega di notare che le immagini sono solo a scopo illustrativo e il prodotto effettivo pu\u00f2 variare.<\/p><p>Gli utenti sono responsabili del rispetto di tutte le leggi e i regolamenti locali quando ordinano o utilizzano i nostri prodotti. La nostra azienda ha sede nella Repubblica Ceca, dove tutti i nostri prodotti sono legali. \u00c8 responsabilit\u00e0 di ogni utente verificare che i prodotti ordinati da questo sito web siano conformi alle leggi locali nella giurisdizione dell&#8217;utente.<\/p>\t\t\t\t\t\t<\/div>\n\t\t\t\t<\/div>\n\t\t\t\t\t<\/div>\n\t\t\t\t<\/div>\n\t\t\t\t\t\t\t<\/div>\n\t\t","protected":false},"excerpt":{"rendered":"<p>CONDIZIONI GENERALI DI VENDITA A DISTANZA ARTICOLO 1 \u2013 DEFINIZIONI 1.1 &#8220;T&amp;C&#8221; si riferisce a queste Condizioni Generali di Vendita che regolano tutte le vendite&#8230;<\/p>\n","protected":false},"author":1,"featured_media":0,"parent":0,"menu_order":0,"comment_status":"closed","ping_status":"closed","template":"","meta":{"footnotes":""},"yoast_head":"<!-- This site is optimized with the Yoast SEO plugin v21.7 - https:\/\/yoast.com\/wordpress\/plugins\/seo\/ -->\n<title>Termini e condizioni di vendita - milanjahemp.com<\/title>\n<meta name=\"robots\" content=\"index, follow, max-snippet:-1, max-image-preview:large, max-video-preview:-1\" \/>\n<link rel=\"canonical\" href=\"https:\/\/milanjahemp.com\/index.php\/termini-e-condizioni-di-vendita\/\" \/>\n<meta property=\"og:locale\" content=\"it_IT\" \/>\n<meta property=\"og:type\" content=\"article\" \/>\n<meta property=\"og:title\" content=\"Termini e condizioni di vendita - milanjahemp.com\" \/>\n<meta property=\"og:description\" content=\"CONDIZIONI GENERALI DI VENDITA A DISTANZA ARTICOLO 1 \u2013 DEFINIZIONI 1.1 &#8220;T&amp;C&#8221; si riferisce a queste Condizioni Generali di Vendita che regolano tutte le vendite...\" \/>\n<meta property=\"og:url\" content=\"https:\/\/milanjahemp.com\/index.php\/termini-e-condizioni-di-vendita\/\" \/>\n<meta property=\"og:site_name\" content=\"milanjahemp.com\" \/>\n<meta property=\"article:modified_time\" content=\"2023-11-23T09:47:16+00:00\" \/>\n<meta name=\"twitter:card\" content=\"summary_large_image\" \/>\n<meta name=\"twitter:label1\" content=\"Tempo di lettura stimato\" \/>\n\t<meta name=\"twitter:data1\" content=\"7 minuti\" \/>\n<script type=\"application\/ld+json\" class=\"yoast-schema-graph\">{\"@context\":\"https:\/\/schema.org\",\"@graph\":[{\"@type\":\"WebPage\",\"@id\":\"https:\/\/milanjahemp.com\/index.php\/termini-e-condizioni-di-vendita\/\",\"url\":\"https:\/\/milanjahemp.com\/index.php\/termini-e-condizioni-di-vendita\/\",\"name\":\"Termini e condizioni di vendita - milanjahemp.com\",\"isPartOf\":{\"@id\":\"https:\/\/milanjahemp.com\/#website\"},\"datePublished\":\"2023-11-19T23:22:52+00:00\",\"dateModified\":\"2023-11-23T09:47:16+00:00\",\"breadcrumb\":{\"@id\":\"https:\/\/milanjahemp.com\/index.php\/termini-e-condizioni-di-vendita\/#breadcrumb\"},\"inLanguage\":\"it-IT\",\"potentialAction\":[{\"@type\":\"ReadAction\",\"target\":[\"https:\/\/milanjahemp.com\/index.php\/termini-e-condizioni-di-vendita\/\"]}]},{\"@type\":\"BreadcrumbList\",\"@id\":\"https:\/\/milanjahemp.com\/index.php\/termini-e-condizioni-di-vendita\/#breadcrumb\",\"itemListElement\":[{\"@type\":\"ListItem\",\"position\":1,\"name\":\"Home\",\"item\":\"https:\/\/milanjahemp.com\/\"},{\"@type\":\"ListItem\",\"position\":2,\"name\":\"Termini e condizioni di vendita\"}]},{\"@type\":\"WebSite\",\"@id\":\"https:\/\/milanjahemp.com\/#website\",\"url\":\"https:\/\/milanjahemp.com\/\",\"name\":\"milanjahemp.com\",\"description\":\"\",\"potentialAction\":[{\"@type\":\"SearchAction\",\"target\":{\"@type\":\"EntryPoint\",\"urlTemplate\":\"https:\/\/milanjahemp.com\/?s={search_term_string}\"},\"query-input\":\"required name=search_term_string\"}],\"inLanguage\":\"it-IT\"}]}<\/script>\n<!-- \/ Yoast SEO plugin. -->","yoast_head_json":{"title":"Termini e condizioni di vendita - milanjahemp.com","robots":{"index":"index","follow":"follow","max-snippet":"max-snippet:-1","max-image-preview":"max-image-preview:large","max-video-preview":"max-video-preview:-1"},"canonical":"https:\/\/milanjahemp.com\/index.php\/termini-e-condizioni-di-vendita\/","og_locale":"it_IT","og_type":"article","og_title":"Termini e condizioni di vendita - milanjahemp.com","og_description":"CONDIZIONI GENERALI DI VENDITA A DISTANZA ARTICOLO 1 \u2013 DEFINIZIONI 1.1 &#8220;T&amp;C&#8221; si riferisce a queste Condizioni Generali di Vendita che regolano tutte le vendite...","og_url":"https:\/\/milanjahemp.com\/index.php\/termini-e-condizioni-di-vendita\/","og_site_name":"milanjahemp.com","article_modified_time":"2023-11-23T09:47:16+00:00","twitter_card":"summary_large_image","twitter_misc":{"Tempo di lettura stimato":"7 minuti"},"schema":{"@context":"https:\/\/schema.org","@graph":[{"@type":"WebPage","@id":"https:\/\/milanjahemp.com\/index.php\/termini-e-condizioni-di-vendita\/","url":"https:\/\/milanjahemp.com\/index.php\/termini-e-condizioni-di-vendita\/","name":"Termini e condizioni di vendita - milanjahemp.com","isPartOf":{"@id":"https:\/\/milanjahemp.com\/#website"},"datePublished":"2023-11-19T23:22:52+00:00","dateModified":"2023-11-23T09:47:16+00:00","breadcrumb":{"@id":"https:\/\/milanjahemp.com\/index.php\/termini-e-condizioni-di-vendita\/#breadcrumb"},"inLanguage":"it-IT","potentialAction":[{"@type":"ReadAction","target":["https:\/\/milanjahemp.com\/index.php\/termini-e-condizioni-di-vendita\/"]}]},{"@type":"BreadcrumbList","@id":"https:\/\/milanjahemp.com\/index.php\/termini-e-condizioni-di-vendita\/#breadcrumb","itemListElement":[{"@type":"ListItem","position":1,"name":"Home","item":"https:\/\/milanjahemp.com\/"},{"@type":"ListItem","position":2,"name":"Termini e condizioni di vendita"}]},{"@type":"WebSite","@id":"https:\/\/milanjahemp.com\/#website","url":"https:\/\/milanjahemp.com\/","name":"milanjahemp.com","description":"","potentialAction":[{"@type":"SearchAction","target":{"@type":"EntryPoint","urlTemplate":"https:\/\/milanjahemp.com\/?s={search_term_string}"},"query-input":"required name=search_term_string"}],"inLanguage":"it-IT"}]}},"_links":{"self":[{"href":"https:\/\/milanjahemp.com\/index.php\/wp-json\/wp\/v2\/pages\/1620"}],"collection":[{"href":"https:\/\/milanjahemp.com\/index.php\/wp-json\/wp\/v2\/pages"}],"about":[{"href":"https:\/\/milanjahemp.com\/index.php\/wp-json\/wp\/v2\/types\/page"}],"author":[{"embeddable":true,"href":"https:\/\/milanjahemp.com\/index.php\/wp-json\/wp\/v2\/users\/1"}],"replies":[{"embeddable":true,"href":"https:\/\/milanjahemp.com\/index.php\/wp-json\/wp\/v2\/comments?post=1620"}],"version-history":[{"count":4,"href":"https:\/\/milanjahemp.com\/index.php\/wp-json\/wp\/v2\/pages\/1620\/revisions"}],"predecessor-version":[{"id":2448,"href":"https:\/\/milanjahemp.com\/index.php\/wp-json\/wp\/v2\/pages\/1620\/revisions\/2448"}],"wp:attachment":[{"href":"https:\/\/milanjahemp.com\/index.php\/wp-json\/wp\/v2\/media?parent=1620"}],"curies":[{"name":"wp","href":"https:\/\/api.w.org\/{rel}","templated":true}]}}