{"id":1718,"date":"2023-11-20T17:26:58","date_gmt":"2023-11-20T17:26:58","guid":{"rendered":"https:\/\/milanjahemp.com\/?post_type=product&#038;p=1718"},"modified":"2023-11-21T05:56:27","modified_gmt":"2023-11-21T05:56:27","slug":"purple-kush-x-hhc-flower","status":"publish","type":"product","link":"https:\/\/milanjahemp.com\/index.php\/product\/purple-kush-x-hhc-flower\/","title":{"rendered":"Purple Kush x HHC"},"content":{"rendered":"<h3>Scopri il Fascino dell&#8217;HHC con Purple Kush<\/h3>\n<h4>Aroma Intenso e Rilassante<\/h4>\n<p>La nostra Purple Kush in versione Cannabis Light HHC offre un&#8217;esperienza sensoriale unica con le sue note profonde e avvolgenti di bacche e terra. Non \u00e8 solo un fiore, \u00e8 un viaggio nei sensi.<\/p>\n<h4>Purezza e Potenza Garantite<\/h4>\n<p>Con controlli di qualit\u00e0 severi, la Purple Kush HHC garantisce un prodotto puro e potente. Utilizziamo solo i migliori oli di HHC e terpeni naturali, assicurando un prodotto senza pesticidi, metalli pesanti e solventi.<\/p>\n<h4>Esperienza Utente Ottimale<\/h4>\n<p>I nostri fiori di Purple Kush HHC sono pronti all&#8217;uso e perfetti sia per gli appassionati esperti che per i novizi. Facili da maneggiare e con un profumo che incanta, offrono un&#8217;esperienza senza eguali.<\/p>\n<h4>Benefici dell&#8217;HHC<\/h4>\n<p>L&#8217;HHC \u00e8 conosciuto per le sue potenziali propriet\u00e0 rilassanti e di sollievo dallo stress. La nostra Purple Kush \u00e8 ideale per concedersi un momento di relax profondo, senza effetti psicoattivi.<\/p>\n","protected":false},"excerpt":{"rendered":"<p>Fiori di canapa CBD da coltivazione indoor<br \/>\nContenuto di CBD 12 &#8211; 14%<br \/>\nContenuto di HHC 25-30<br \/>\nContenuto di THC inferiore allo 0,2%.<br \/>\nSpedizione dall&#8217;Europa<br \/>\nVariet\u00e0 di canapa industriale certificate dall&#8217;UE<\/p>\n","protected":false},"featured_media":1755,"comment_status":"open","ping_status":"closed","template":"","meta":[],"etheme_brands":[],"product_cat":[44],"product_tag":[],"yoast_head":"<!-- This site is optimized with the Yoast SEO plugin v21.7 - https:\/\/yoast.com\/wordpress\/plugins\/seo\/ -->\n<title>Purple Kush x HHC - milanjahemp.com<\/title>\n<meta name=\"robots\" content=\"index, follow, max-snippet:-1, max-image-preview:large, max-video-preview:-1\" \/>\n<link rel=\"canonical\" href=\"https:\/\/milanjahemp.com\/index.php\/product\/purple-kush-x-hhc-flower\/\" \/>\n<meta property=\"og:locale\" content=\"it_IT\" \/>\n<meta property=\"og:type\" content=\"article\" \/>\n<meta property=\"og:title\" content=\"Purple Kush x HHC - milanjahemp.com\" \/>\n<meta property=\"og:description\" content=\"Fiori di canapa CBD da coltivazione indoor Contenuto di CBD 12 - 14% Contenuto di HHC 25-30 Contenuto di THC inferiore allo 0,2%. Spedizione dall&#039;Europa Variet\u00e0 di canapa industriale certificate dall&#039;UE\" \/>\n<meta property=\"og:url\" content=\"https:\/\/milanjahemp.com\/index.php\/product\/purple-kush-x-hhc-flower\/\" \/>\n<meta property=\"og:site_name\" content=\"milanjahemp.com\" \/>\n<meta property=\"article:modified_time\" content=\"2023-11-21T05:56:27+00:00\" \/>\n<meta property=\"og:image\" content=\"http:\/\/milanjahemp.com\/wp-content\/uploads\/2023\/11\/prulekush.jpg\" \/>\n\t<meta property=\"og:image:width\" content=\"1000\" \/>\n\t<meta property=\"og:image:height\" content=\"1000\" \/>\n\t<meta property=\"og:image:type\" content=\"image\/jpeg\" \/>\n<meta name=\"twitter:card\" content=\"summary_large_image\" \/>\n<meta name=\"twitter:label1\" content=\"Tempo di lettura stimato\" \/>\n\t<meta name=\"twitter:data1\" content=\"1 minuto\" \/>\n<script type=\"application\/ld+json\" class=\"yoast-schema-graph\">{\"@context\":\"https:\/\/schema.org\",\"@graph\":[{\"@type\":\"WebPage\",\"@id\":\"https:\/\/milanjahemp.com\/index.php\/product\/purple-kush-x-hhc-flower\/\",\"url\":\"https:\/\/milanjahemp.com\/index.php\/product\/purple-kush-x-hhc-flower\/\",\"name\":\"Purple Kush x HHC - milanjahemp.com\",\"isPartOf\":{\"@id\":\"https:\/\/milanjahemp.com\/#website\"},\"datePublished\":\"2023-11-20T17:26:58+00:00\",\"dateModified\":\"2023-11-21T05:56:27+00:00\",\"breadcrumb\":{\"@id\":\"https:\/\/milanjahemp.com\/index.php\/product\/purple-kush-x-hhc-flower\/#breadcrumb\"},\"inLanguage\":\"it-IT\",\"potentialAction\":[{\"@type\":\"ReadAction\",\"target\":[\"https:\/\/milanjahemp.com\/index.php\/product\/purple-kush-x-hhc-flower\/\"]}]},{\"@type\":\"BreadcrumbList\",\"@id\":\"https:\/\/milanjahemp.com\/index.php\/product\/purple-kush-x-hhc-flower\/#breadcrumb\",\"itemListElement\":[{\"@type\":\"ListItem\",\"position\":1,\"name\":\"Home\",\"item\":\"https:\/\/milanjahemp.com\/\"},{\"@type\":\"ListItem\",\"position\":2,\"name\":\"Shop\",\"item\":\"https:\/\/milanjahemp.com\/index.php\/shop\/\"},{\"@type\":\"ListItem\",\"position\":3,\"name\":\"Purple Kush x HHC\"}]},{\"@type\":\"WebSite\",\"@id\":\"https:\/\/milanjahemp.com\/#website\",\"url\":\"https:\/\/milanjahemp.com\/\",\"name\":\"milanjahemp.com\",\"description\":\"\",\"potentialAction\":[{\"@type\":\"SearchAction\",\"target\":{\"@type\":\"EntryPoint\",\"urlTemplate\":\"https:\/\/milanjahemp.com\/?s={search_term_string}\"},\"query-input\":\"required name=search_term_string\"}],\"inLanguage\":\"it-IT\"}]}<\/script>\n<!-- \/ Yoast SEO plugin. -->","yoast_head_json":{"title":"Purple Kush x HHC - milanjahemp.com","robots":{"index":"index","follow":"follow","max-snippet":"max-snippet:-1","max-image-preview":"max-image-preview:large","max-video-preview":"max-video-preview:-1"},"canonical":"https:\/\/milanjahemp.com\/index.php\/product\/purple-kush-x-hhc-flower\/","og_locale":"it_IT","og_type":"article","og_title":"Purple Kush x HHC - milanjahemp.com","og_description":"Fiori di canapa CBD da coltivazione indoor Contenuto di CBD 12 - 14% Contenuto di HHC 25-30 Contenuto di THC inferiore allo 0,2%. Spedizione dall'Europa Variet\u00e0 di canapa industriale certificate dall'UE","og_url":"https:\/\/milanjahemp.com\/index.php\/product\/purple-kush-x-hhc-flower\/","og_site_name":"milanjahemp.com","article_modified_time":"2023-11-21T05:56:27+00:00","og_image":[{"width":1000,"height":1000,"url":"http:\/\/milanjahemp.com\/wp-content\/uploads\/2023\/11\/prulekush.jpg","type":"image\/jpeg"}],"twitter_card":"summary_large_image","twitter_misc":{"Tempo di lettura stimato":"1 minuto"},"schema":{"@context":"https:\/\/schema.org","@graph":[{"@type":"WebPage","@id":"https:\/\/milanjahemp.com\/index.php\/product\/purple-kush-x-hhc-flower\/","url":"https:\/\/milanjahemp.com\/index.php\/product\/purple-kush-x-hhc-flower\/","name":"Purple Kush x HHC - milanjahemp.com","isPartOf":{"@id":"https:\/\/milanjahemp.com\/#website"},"datePublished":"2023-11-20T17:26:58+00:00","dateModified":"2023-11-21T05:56:27+00:00","breadcrumb":{"@id":"https:\/\/milanjahemp.com\/index.php\/product\/purple-kush-x-hhc-flower\/#breadcrumb"},"inLanguage":"it-IT","potentialAction":[{"@type":"ReadAction","target":["https:\/\/milanjahemp.com\/index.php\/product\/purple-kush-x-hhc-flower\/"]}]},{"@type":"BreadcrumbList","@id":"https:\/\/milanjahemp.com\/index.php\/product\/purple-kush-x-hhc-flower\/#breadcrumb","itemListElement":[{"@type":"ListItem","position":1,"name":"Home","item":"https:\/\/milanjahemp.com\/"},{"@type":"ListItem","position":2,"name":"Shop","item":"https:\/\/milanjahemp.com\/index.php\/shop\/"},{"@type":"ListItem","position":3,"name":"Purple Kush x HHC"}]},{"@type":"WebSite","@id":"https:\/\/milanjahemp.com\/#website","url":"https:\/\/milanjahemp.com\/","name":"milanjahemp.com","description":"","potentialAction":[{"@type":"SearchAction","target":{"@type":"EntryPoint","urlTemplate":"https:\/\/milanjahemp.com\/?s={search_term_string}"},"query-input":"required name=search_term_string"}],"inLanguage":"it-IT"}]}},"_links":{"self":[{"href":"https:\/\/milanjahemp.com\/index.php\/wp-json\/wp\/v2\/product\/1718"}],"collection":[{"href":"https:\/\/milanjahemp.com\/index.php\/wp-json\/wp\/v2\/product"}],"about":[{"href":"https:\/\/milanjahemp.com\/index.php\/wp-json\/wp\/v2\/types\/product"}],"replies":[{"embeddable":true,"href":"https:\/\/milanjahemp.com\/index.php\/wp-json\/wp\/v2\/comments?post=1718"}],"version-history":[{"count":5,"href":"https:\/\/milanjahemp.com\/index.php\/wp-json\/wp\/v2\/product\/1718\/revisions"}],"predecessor-version":[{"id":1949,"href":"https:\/\/milanjahemp.com\/index.php\/wp-json\/wp\/v2\/product\/1718\/revisions\/1949"}],"wp:featuredmedia":[{"embeddable":true,"href":"https:\/\/milanjahemp.com\/index.php\/wp-json\/wp\/v2\/media\/1755"}],"wp:attachment":[{"href":"https:\/\/milanjahemp.com\/index.php\/wp-json\/wp\/v2\/media?parent=1718"}],"wp:term":[{"taxonomy":"brand","embeddable":true,"href":"https:\/\/milanjahemp.com\/index.php\/wp-json\/wp\/v2\/etheme_brands?post=1718"},{"taxonomy":"product_cat","embeddable":true,"href":"https:\/\/milanjahemp.com\/index.php\/wp-json\/wp\/v2\/product_cat?post=1718"},{"taxonomy":"product_tag","embeddable":true,"href":"https:\/\/milanjahemp.com\/index.php\/wp-json\/wp\/v2\/product_tag?post=1718"}],"curies":[{"name":"wp","href":"https:\/\/api.w.org\/{rel}","templated":true}]}}