{"id":1719,"date":"2023-11-20T17:26:59","date_gmt":"2023-11-20T17:26:59","guid":{"rendered":"https:\/\/milanjahemp.com\/?post_type=product&#038;p=1719"},"modified":"2023-11-21T06:02:25","modified_gmt":"2023-11-21T06:02:25","slug":"gorilla-glue-x-hhc-flower","status":"publish","type":"product","link":"https:\/\/milanjahemp.com\/index.php\/product\/gorilla-glue-x-hhc-flower\/","title":{"rendered":"Gorilla Glue x HHC Flower"},"content":{"rendered":"<h3>Scopri la Nuova Esperienza con Gorilla Glue &#8211; Cannabis Light HHC<\/h3>\n<h4>Aroma Inconfondibile<\/h4>\n<p>La Gorilla Glue in versione Cannabis Light HHC offre un profilo aromatico intenso, caratterizzato da note di cioccolato e caff\u00e8 con un tocco di limone e pino. \u00c8 pi\u00f9 di un fiore, \u00e8 un viaggio sensoriale unico.<\/p>\n<h4>Potenza e Purezza Garantita<\/h4>\n<p>I nostri prodotti sono sottoposti a rigorosi test di terze parti per garantire la massima qualit\u00e0. La Gorilla Glue \u00e8 priva di pesticidi, metalli pesanti e solventi, offrendoti un&#8217;esperienza sicura e genuina.<\/p>\n<h4>Facile da Usare<\/h4>\n<p>La nostra Gorilla Glue HHC \u00e8 pronta all&#8217;uso e ideale sia per i nuovi utenti sia per gli esperti. Goditi la facilit\u00e0 d&#8217;uso senza rinunciare alla qualit\u00e0 e all&#8217;efficacia.<\/p>\n<h4>I Benefici dell&#8217;HHC<\/h4>\n<p>L&#8217;HHC \u00e8 noto per le sue potenziali propriet\u00e0 rilassanti e calmanti. Gorilla Glue \u00e8 perfetta per allentare la tensione e promuovere un senso di benessere, senza effetti psicoattivi.<\/p>\n<p>Scegli la Gorilla Glue per un&#8217;esperienza unica, potente e pura. Non te ne pentirai.<\/p>\n","protected":false},"excerpt":{"rendered":"<p>Fiori di canapa CBD da coltivazione indoor<br \/>\nContenuto di CBD 23-25%<br \/>\nContenuto di HHC 25-30%<br \/>\nContenuto di THC inferiore allo 0,2%.<br \/>\nSpedizione dall&#8217;Europa<br \/>\nVariet\u00e0 di canapa industriale certificate dall&#8217;UE<\/p>\n","protected":false},"featured_media":1758,"comment_status":"open","ping_status":"closed","template":"","meta":[],"etheme_brands":[],"product_cat":[44],"product_tag":[],"yoast_head":"<!-- This site is optimized with the Yoast SEO plugin v21.7 - https:\/\/yoast.com\/wordpress\/plugins\/seo\/ -->\n<title>Gorilla Glue x HHC Flower - milanjahemp.com<\/title>\n<meta name=\"robots\" content=\"index, follow, max-snippet:-1, max-image-preview:large, max-video-preview:-1\" \/>\n<link rel=\"canonical\" href=\"https:\/\/milanjahemp.com\/index.php\/product\/gorilla-glue-x-hhc-flower\/\" \/>\n<meta property=\"og:locale\" content=\"it_IT\" \/>\n<meta property=\"og:type\" content=\"article\" \/>\n<meta property=\"og:title\" content=\"Gorilla Glue x HHC Flower - milanjahemp.com\" \/>\n<meta property=\"og:description\" content=\"Fiori di canapa CBD da coltivazione indoor Contenuto di CBD 23-25% Contenuto di HHC 25-30% Contenuto di THC inferiore allo 0,2%. Spedizione dall&#039;Europa Variet\u00e0 di canapa industriale certificate dall&#039;UE\" \/>\n<meta property=\"og:url\" content=\"https:\/\/milanjahemp.com\/index.php\/product\/gorilla-glue-x-hhc-flower\/\" \/>\n<meta property=\"og:site_name\" content=\"milanjahemp.com\" \/>\n<meta property=\"article:modified_time\" content=\"2023-11-21T06:02:25+00:00\" \/>\n<meta property=\"og:image\" content=\"http:\/\/milanjahemp.com\/wp-content\/uploads\/2023\/11\/GorillaGlue.jpg\" \/>\n\t<meta property=\"og:image:width\" content=\"1000\" \/>\n\t<meta property=\"og:image:height\" content=\"1000\" \/>\n\t<meta property=\"og:image:type\" content=\"image\/jpeg\" \/>\n<meta name=\"twitter:card\" content=\"summary_large_image\" \/>\n<meta name=\"twitter:label1\" content=\"Tempo di lettura stimato\" \/>\n\t<meta name=\"twitter:data1\" content=\"1 minuto\" \/>\n<script type=\"application\/ld+json\" class=\"yoast-schema-graph\">{\"@context\":\"https:\/\/schema.org\",\"@graph\":[{\"@type\":\"WebPage\",\"@id\":\"https:\/\/milanjahemp.com\/index.php\/product\/gorilla-glue-x-hhc-flower\/\",\"url\":\"https:\/\/milanjahemp.com\/index.php\/product\/gorilla-glue-x-hhc-flower\/\",\"name\":\"Gorilla Glue x HHC Flower - milanjahemp.com\",\"isPartOf\":{\"@id\":\"https:\/\/milanjahemp.com\/#website\"},\"datePublished\":\"2023-11-20T17:26:59+00:00\",\"dateModified\":\"2023-11-21T06:02:25+00:00\",\"breadcrumb\":{\"@id\":\"https:\/\/milanjahemp.com\/index.php\/product\/gorilla-glue-x-hhc-flower\/#breadcrumb\"},\"inLanguage\":\"it-IT\",\"potentialAction\":[{\"@type\":\"ReadAction\",\"target\":[\"https:\/\/milanjahemp.com\/index.php\/product\/gorilla-glue-x-hhc-flower\/\"]}]},{\"@type\":\"BreadcrumbList\",\"@id\":\"https:\/\/milanjahemp.com\/index.php\/product\/gorilla-glue-x-hhc-flower\/#breadcrumb\",\"itemListElement\":[{\"@type\":\"ListItem\",\"position\":1,\"name\":\"Home\",\"item\":\"https:\/\/milanjahemp.com\/\"},{\"@type\":\"ListItem\",\"position\":2,\"name\":\"Shop\",\"item\":\"https:\/\/milanjahemp.com\/index.php\/shop\/\"},{\"@type\":\"ListItem\",\"position\":3,\"name\":\"Gorilla Glue x HHC Flower\"}]},{\"@type\":\"WebSite\",\"@id\":\"https:\/\/milanjahemp.com\/#website\",\"url\":\"https:\/\/milanjahemp.com\/\",\"name\":\"milanjahemp.com\",\"description\":\"\",\"potentialAction\":[{\"@type\":\"SearchAction\",\"target\":{\"@type\":\"EntryPoint\",\"urlTemplate\":\"https:\/\/milanjahemp.com\/?s={search_term_string}\"},\"query-input\":\"required name=search_term_string\"}],\"inLanguage\":\"it-IT\"}]}<\/script>\n<!-- \/ Yoast SEO plugin. -->","yoast_head_json":{"title":"Gorilla Glue x HHC Flower - milanjahemp.com","robots":{"index":"index","follow":"follow","max-snippet":"max-snippet:-1","max-image-preview":"max-image-preview:large","max-video-preview":"max-video-preview:-1"},"canonical":"https:\/\/milanjahemp.com\/index.php\/product\/gorilla-glue-x-hhc-flower\/","og_locale":"it_IT","og_type":"article","og_title":"Gorilla Glue x HHC Flower - milanjahemp.com","og_description":"Fiori di canapa CBD da coltivazione indoor Contenuto di CBD 23-25% Contenuto di HHC 25-30% Contenuto di THC inferiore allo 0,2%. Spedizione dall'Europa Variet\u00e0 di canapa industriale certificate dall'UE","og_url":"https:\/\/milanjahemp.com\/index.php\/product\/gorilla-glue-x-hhc-flower\/","og_site_name":"milanjahemp.com","article_modified_time":"2023-11-21T06:02:25+00:00","og_image":[{"width":1000,"height":1000,"url":"http:\/\/milanjahemp.com\/wp-content\/uploads\/2023\/11\/GorillaGlue.jpg","type":"image\/jpeg"}],"twitter_card":"summary_large_image","twitter_misc":{"Tempo di lettura stimato":"1 minuto"},"schema":{"@context":"https:\/\/schema.org","@graph":[{"@type":"WebPage","@id":"https:\/\/milanjahemp.com\/index.php\/product\/gorilla-glue-x-hhc-flower\/","url":"https:\/\/milanjahemp.com\/index.php\/product\/gorilla-glue-x-hhc-flower\/","name":"Gorilla Glue x HHC Flower - milanjahemp.com","isPartOf":{"@id":"https:\/\/milanjahemp.com\/#website"},"datePublished":"2023-11-20T17:26:59+00:00","dateModified":"2023-11-21T06:02:25+00:00","breadcrumb":{"@id":"https:\/\/milanjahemp.com\/index.php\/product\/gorilla-glue-x-hhc-flower\/#breadcrumb"},"inLanguage":"it-IT","potentialAction":[{"@type":"ReadAction","target":["https:\/\/milanjahemp.com\/index.php\/product\/gorilla-glue-x-hhc-flower\/"]}]},{"@type":"BreadcrumbList","@id":"https:\/\/milanjahemp.com\/index.php\/product\/gorilla-glue-x-hhc-flower\/#breadcrumb","itemListElement":[{"@type":"ListItem","position":1,"name":"Home","item":"https:\/\/milanjahemp.com\/"},{"@type":"ListItem","position":2,"name":"Shop","item":"https:\/\/milanjahemp.com\/index.php\/shop\/"},{"@type":"ListItem","position":3,"name":"Gorilla Glue x HHC Flower"}]},{"@type":"WebSite","@id":"https:\/\/milanjahemp.com\/#website","url":"https:\/\/milanjahemp.com\/","name":"milanjahemp.com","description":"","potentialAction":[{"@type":"SearchAction","target":{"@type":"EntryPoint","urlTemplate":"https:\/\/milanjahemp.com\/?s={search_term_string}"},"query-input":"required name=search_term_string"}],"inLanguage":"it-IT"}]}},"_links":{"self":[{"href":"https:\/\/milanjahemp.com\/index.php\/wp-json\/wp\/v2\/product\/1719"}],"collection":[{"href":"https:\/\/milanjahemp.com\/index.php\/wp-json\/wp\/v2\/product"}],"about":[{"href":"https:\/\/milanjahemp.com\/index.php\/wp-json\/wp\/v2\/types\/product"}],"replies":[{"embeddable":true,"href":"https:\/\/milanjahemp.com\/index.php\/wp-json\/wp\/v2\/comments?post=1719"}],"version-history":[{"count":3,"href":"https:\/\/milanjahemp.com\/index.php\/wp-json\/wp\/v2\/product\/1719\/revisions"}],"predecessor-version":[{"id":1955,"href":"https:\/\/milanjahemp.com\/index.php\/wp-json\/wp\/v2\/product\/1719\/revisions\/1955"}],"wp:featuredmedia":[{"embeddable":true,"href":"https:\/\/milanjahemp.com\/index.php\/wp-json\/wp\/v2\/media\/1758"}],"wp:attachment":[{"href":"https:\/\/milanjahemp.com\/index.php\/wp-json\/wp\/v2\/media?parent=1719"}],"wp:term":[{"taxonomy":"brand","embeddable":true,"href":"https:\/\/milanjahemp.com\/index.php\/wp-json\/wp\/v2\/etheme_brands?post=1719"},{"taxonomy":"product_cat","embeddable":true,"href":"https:\/\/milanjahemp.com\/index.php\/wp-json\/wp\/v2\/product_cat?post=1719"},{"taxonomy":"product_tag","embeddable":true,"href":"https:\/\/milanjahemp.com\/index.php\/wp-json\/wp\/v2\/product_tag?post=1719"}],"curies":[{"name":"wp","href":"https:\/\/api.w.org\/{rel}","templated":true}]}}