{"id":1720,"date":"2023-11-20T17:26:59","date_gmt":"2023-11-20T17:26:59","guid":{"rendered":"https:\/\/milanjahemp.com\/?post_type=product&#038;p=1720"},"modified":"2023-11-21T06:02:28","modified_gmt":"2023-11-21T06:02:28","slug":"wedding-cake-x-hhc-flower","status":"publish","type":"product","link":"https:\/\/milanjahemp.com\/index.php\/product\/wedding-cake-x-hhc-flower\/","title":{"rendered":"Wedding Cake x HHC Flower"},"content":{"rendered":"<h3>Esplora la Dolcezza di Wedding Cake &#8211; Cannabis Light HHC<\/h3>\n<h4>Un Profilo Aromatico Delizioso<\/h4>\n<p>Wedding Cake, nella sua versione HHC, regala un&#8217;esperienza aromatica complessa con note dolci, terrose e di vaniglia. \u00c8 un vero e proprio piacere per i sensi.<\/p>\n<h4>Purezza e Qualit\u00e0<\/h4>\n<p>Testata accuratamente per garantire l&#8217;assenza di sostanze nocive, la nostra Wedding Cake \u00e8 un esempio di come la qualit\u00e0 sia la nostra priorit\u00e0. Puoi fidarti della sua purezza e potenza.<\/p>\n<h4>Pronta all&#8217;Uso<\/h4>\n<p>Facile da utilizzare, la Wedding Cake \u00e8 adatta a tutti. Che tu sia un principiante o un veterano, la sua semplicit\u00e0 d&#8217;uso ti conquister\u00e0.<\/p>\n<h4>Rilassamento e Benessere<\/h4>\n<p>L&#8217;HHC offre una sensazione di relax e benessere. Con Wedding Cake, puoi aspettarti un effetto calmante, perfetto per fine giornata, senza effetti psicoattivi.<\/p>\n<p>Wedding Cake \u00e8 l&#8217;opzione ideale per chi cerca un&#8217;esperienza dolce e rilassante.<\/p>\n","protected":false},"excerpt":{"rendered":"<p>Fiori di canapa CBD da coltivazione indoor<br \/>\nContenuto di CBD 21 &#8211; 23%<br \/>\nContenuto di HHC 30 &#8211; 35%<br \/>\nContenuto di THC inferiore allo 0,2%.<br \/>\nSpedizione dall&#8217;Europa<br \/>\nVariet\u00e0 di canapa industriale certificate dall&#8217;UE<\/p>\n","protected":false},"featured_media":1761,"comment_status":"open","ping_status":"closed","template":"","meta":[],"etheme_brands":[],"product_cat":[44],"product_tag":[],"yoast_head":"<!-- This site is optimized with the Yoast SEO plugin v21.7 - https:\/\/yoast.com\/wordpress\/plugins\/seo\/ -->\n<title>Wedding Cake x HHC Flower - milanjahemp.com<\/title>\n<meta name=\"robots\" content=\"index, follow, max-snippet:-1, max-image-preview:large, max-video-preview:-1\" \/>\n<link rel=\"canonical\" href=\"https:\/\/milanjahemp.com\/index.php\/product\/wedding-cake-x-hhc-flower\/\" \/>\n<meta property=\"og:locale\" content=\"it_IT\" \/>\n<meta property=\"og:type\" content=\"article\" \/>\n<meta property=\"og:title\" content=\"Wedding Cake x HHC Flower - milanjahemp.com\" \/>\n<meta property=\"og:description\" content=\"Fiori di canapa CBD da coltivazione indoor Contenuto di CBD 21 - 23% Contenuto di HHC 30 - 35% Contenuto di THC inferiore allo 0,2%. Spedizione dall&#039;Europa Variet\u00e0 di canapa industriale certificate dall&#039;UE\" \/>\n<meta property=\"og:url\" content=\"https:\/\/milanjahemp.com\/index.php\/product\/wedding-cake-x-hhc-flower\/\" \/>\n<meta property=\"og:site_name\" content=\"milanjahemp.com\" \/>\n<meta property=\"article:modified_time\" content=\"2023-11-21T06:02:28+00:00\" \/>\n<meta property=\"og:image\" content=\"http:\/\/milanjahemp.com\/wp-content\/uploads\/2023\/11\/weddingcakess.jpg\" \/>\n\t<meta property=\"og:image:width\" content=\"1000\" \/>\n\t<meta property=\"og:image:height\" content=\"1000\" \/>\n\t<meta property=\"og:image:type\" content=\"image\/jpeg\" \/>\n<meta name=\"twitter:card\" content=\"summary_large_image\" \/>\n<meta name=\"twitter:label1\" content=\"Tempo di lettura stimato\" \/>\n\t<meta name=\"twitter:data1\" content=\"1 minuto\" \/>\n<script type=\"application\/ld+json\" class=\"yoast-schema-graph\">{\"@context\":\"https:\/\/schema.org\",\"@graph\":[{\"@type\":\"WebPage\",\"@id\":\"https:\/\/milanjahemp.com\/index.php\/product\/wedding-cake-x-hhc-flower\/\",\"url\":\"https:\/\/milanjahemp.com\/index.php\/product\/wedding-cake-x-hhc-flower\/\",\"name\":\"Wedding Cake x HHC Flower - milanjahemp.com\",\"isPartOf\":{\"@id\":\"https:\/\/milanjahemp.com\/#website\"},\"datePublished\":\"2023-11-20T17:26:59+00:00\",\"dateModified\":\"2023-11-21T06:02:28+00:00\",\"breadcrumb\":{\"@id\":\"https:\/\/milanjahemp.com\/index.php\/product\/wedding-cake-x-hhc-flower\/#breadcrumb\"},\"inLanguage\":\"it-IT\",\"potentialAction\":[{\"@type\":\"ReadAction\",\"target\":[\"https:\/\/milanjahemp.com\/index.php\/product\/wedding-cake-x-hhc-flower\/\"]}]},{\"@type\":\"BreadcrumbList\",\"@id\":\"https:\/\/milanjahemp.com\/index.php\/product\/wedding-cake-x-hhc-flower\/#breadcrumb\",\"itemListElement\":[{\"@type\":\"ListItem\",\"position\":1,\"name\":\"Home\",\"item\":\"https:\/\/milanjahemp.com\/\"},{\"@type\":\"ListItem\",\"position\":2,\"name\":\"Shop\",\"item\":\"https:\/\/milanjahemp.com\/index.php\/shop\/\"},{\"@type\":\"ListItem\",\"position\":3,\"name\":\"Wedding Cake x HHC Flower\"}]},{\"@type\":\"WebSite\",\"@id\":\"https:\/\/milanjahemp.com\/#website\",\"url\":\"https:\/\/milanjahemp.com\/\",\"name\":\"milanjahemp.com\",\"description\":\"\",\"potentialAction\":[{\"@type\":\"SearchAction\",\"target\":{\"@type\":\"EntryPoint\",\"urlTemplate\":\"https:\/\/milanjahemp.com\/?s={search_term_string}\"},\"query-input\":\"required name=search_term_string\"}],\"inLanguage\":\"it-IT\"}]}<\/script>\n<!-- \/ Yoast SEO plugin. -->","yoast_head_json":{"title":"Wedding Cake x HHC Flower - milanjahemp.com","robots":{"index":"index","follow":"follow","max-snippet":"max-snippet:-1","max-image-preview":"max-image-preview:large","max-video-preview":"max-video-preview:-1"},"canonical":"https:\/\/milanjahemp.com\/index.php\/product\/wedding-cake-x-hhc-flower\/","og_locale":"it_IT","og_type":"article","og_title":"Wedding Cake x HHC Flower - milanjahemp.com","og_description":"Fiori di canapa CBD da coltivazione indoor Contenuto di CBD 21 - 23% Contenuto di HHC 30 - 35% Contenuto di THC inferiore allo 0,2%. Spedizione dall'Europa Variet\u00e0 di canapa industriale certificate dall'UE","og_url":"https:\/\/milanjahemp.com\/index.php\/product\/wedding-cake-x-hhc-flower\/","og_site_name":"milanjahemp.com","article_modified_time":"2023-11-21T06:02:28+00:00","og_image":[{"width":1000,"height":1000,"url":"http:\/\/milanjahemp.com\/wp-content\/uploads\/2023\/11\/weddingcakess.jpg","type":"image\/jpeg"}],"twitter_card":"summary_large_image","twitter_misc":{"Tempo di lettura stimato":"1 minuto"},"schema":{"@context":"https:\/\/schema.org","@graph":[{"@type":"WebPage","@id":"https:\/\/milanjahemp.com\/index.php\/product\/wedding-cake-x-hhc-flower\/","url":"https:\/\/milanjahemp.com\/index.php\/product\/wedding-cake-x-hhc-flower\/","name":"Wedding Cake x HHC Flower - milanjahemp.com","isPartOf":{"@id":"https:\/\/milanjahemp.com\/#website"},"datePublished":"2023-11-20T17:26:59+00:00","dateModified":"2023-11-21T06:02:28+00:00","breadcrumb":{"@id":"https:\/\/milanjahemp.com\/index.php\/product\/wedding-cake-x-hhc-flower\/#breadcrumb"},"inLanguage":"it-IT","potentialAction":[{"@type":"ReadAction","target":["https:\/\/milanjahemp.com\/index.php\/product\/wedding-cake-x-hhc-flower\/"]}]},{"@type":"BreadcrumbList","@id":"https:\/\/milanjahemp.com\/index.php\/product\/wedding-cake-x-hhc-flower\/#breadcrumb","itemListElement":[{"@type":"ListItem","position":1,"name":"Home","item":"https:\/\/milanjahemp.com\/"},{"@type":"ListItem","position":2,"name":"Shop","item":"https:\/\/milanjahemp.com\/index.php\/shop\/"},{"@type":"ListItem","position":3,"name":"Wedding Cake x HHC Flower"}]},{"@type":"WebSite","@id":"https:\/\/milanjahemp.com\/#website","url":"https:\/\/milanjahemp.com\/","name":"milanjahemp.com","description":"","potentialAction":[{"@type":"SearchAction","target":{"@type":"EntryPoint","urlTemplate":"https:\/\/milanjahemp.com\/?s={search_term_string}"},"query-input":"required name=search_term_string"}],"inLanguage":"it-IT"}]}},"_links":{"self":[{"href":"https:\/\/milanjahemp.com\/index.php\/wp-json\/wp\/v2\/product\/1720"}],"collection":[{"href":"https:\/\/milanjahemp.com\/index.php\/wp-json\/wp\/v2\/product"}],"about":[{"href":"https:\/\/milanjahemp.com\/index.php\/wp-json\/wp\/v2\/types\/product"}],"replies":[{"embeddable":true,"href":"https:\/\/milanjahemp.com\/index.php\/wp-json\/wp\/v2\/comments?post=1720"}],"version-history":[{"count":4,"href":"https:\/\/milanjahemp.com\/index.php\/wp-json\/wp\/v2\/product\/1720\/revisions"}],"predecessor-version":[{"id":1956,"href":"https:\/\/milanjahemp.com\/index.php\/wp-json\/wp\/v2\/product\/1720\/revisions\/1956"}],"wp:featuredmedia":[{"embeddable":true,"href":"https:\/\/milanjahemp.com\/index.php\/wp-json\/wp\/v2\/media\/1761"}],"wp:attachment":[{"href":"https:\/\/milanjahemp.com\/index.php\/wp-json\/wp\/v2\/media?parent=1720"}],"wp:term":[{"taxonomy":"brand","embeddable":true,"href":"https:\/\/milanjahemp.com\/index.php\/wp-json\/wp\/v2\/etheme_brands?post=1720"},{"taxonomy":"product_cat","embeddable":true,"href":"https:\/\/milanjahemp.com\/index.php\/wp-json\/wp\/v2\/product_cat?post=1720"},{"taxonomy":"product_tag","embeddable":true,"href":"https:\/\/milanjahemp.com\/index.php\/wp-json\/wp\/v2\/product_tag?post=1720"}],"curies":[{"name":"wp","href":"https:\/\/api.w.org\/{rel}","templated":true}]}}