{"id":1726,"date":"2023-11-20T17:26:59","date_gmt":"2023-11-20T17:26:59","guid":{"rendered":"https:\/\/milanjahemp.com\/?post_type=product&#038;p=1726"},"modified":"2023-11-21T06:08:10","modified_gmt":"2023-11-21T06:08:10","slug":"sour-diesel-x-hhc","status":"publish","type":"product","link":"https:\/\/milanjahemp.com\/index.php\/product\/sour-diesel-x-hhc\/","title":{"rendered":"Sour Diesel x HHC"},"content":{"rendered":"<h3>Esperienza Unica con Sour Diesel &#8211; HHC Cannabis Light<\/h3>\n<h4>Sapore Intenso e Inconfondibile<\/h4>\n<p>La nostra Sour Diesel HHC Cannabis Light offre un profilo aromatico pungente e inebriante, caratterizzato da note di agrumi e diesel. Non \u00e8 solo un fiore, \u00e8 un viaggio sensoriale indimenticabile.<\/p>\n<h4>Potenza e Purezza Garantita<\/h4>\n<p>Testiamo rigorosamente i nostri prodotti per garantirti un&#8217;esperienza di alta qualit\u00e0. La Sour Diesel \u00e8 coltivata con attenzione, senza pesticidi o metalli pesanti, assicurando un prodotto puro e potente.<\/p>\n<h4>Pronta all&#8217;Uso<\/h4>\n<p>I nostri fiori di Sour Diesel HHC Cannabis Light sono pronti per essere utilizzati nel modo che preferisci. Sia che tu sia un esperto o un principiante, scoprirai la facilit\u00e0 e la comodit\u00e0 di questo straordinario prodotto.<\/p>\n<h4>I Benefici dell&#8217;HHC<\/h4>\n<p>L&#8217;HHC \u00e8 conosciuto per le sue potenziali propriet\u00e0 rilassanti e calmanti. La Sour Diesel \u00e8 perfetta per alleviare lo stress e l&#8217;ansia, senza effetti psicoattivi. Migliora il tuo benessere in modo naturale.<\/p>\n","protected":false},"excerpt":{"rendered":"<p>Fiori di canapa CBD da coltivazione indoor<br \/>\nContenuto di CBD 20 &#8211; 25%<br \/>\nContenuto di HHC 55-60%<br \/>\nContenuto di THC inferiore allo 0,2%.<br \/>\nSpedizione dall&#8217;Europa<br \/>\nVariet\u00e0 di canapa industriale certificate dall&#8217;UE<\/p>\n","protected":false},"featured_media":1787,"comment_status":"open","ping_status":"closed","template":"","meta":[],"etheme_brands":[],"product_cat":[44],"product_tag":[],"yoast_head":"<!-- This site is optimized with the Yoast SEO plugin v21.7 - https:\/\/yoast.com\/wordpress\/plugins\/seo\/ -->\n<title>Sour Diesel x HHC - milanjahemp.com<\/title>\n<meta name=\"robots\" content=\"index, follow, max-snippet:-1, max-image-preview:large, max-video-preview:-1\" \/>\n<link rel=\"canonical\" href=\"https:\/\/milanjahemp.com\/index.php\/product\/sour-diesel-x-hhc\/\" \/>\n<meta property=\"og:locale\" content=\"it_IT\" \/>\n<meta property=\"og:type\" content=\"article\" \/>\n<meta property=\"og:title\" content=\"Sour Diesel x HHC - milanjahemp.com\" \/>\n<meta property=\"og:description\" content=\"Fiori di canapa CBD da coltivazione indoor Contenuto di CBD 20 - 25% Contenuto di HHC 55-60% Contenuto di THC inferiore allo 0,2%. Spedizione dall&#039;Europa Variet\u00e0 di canapa industriale certificate dall&#039;UE\" \/>\n<meta property=\"og:url\" content=\"https:\/\/milanjahemp.com\/index.php\/product\/sour-diesel-x-hhc\/\" \/>\n<meta property=\"og:site_name\" content=\"milanjahemp.com\" \/>\n<meta property=\"article:modified_time\" content=\"2023-11-21T06:08:10+00:00\" \/>\n<meta property=\"og:image\" content=\"http:\/\/milanjahemp.com\/wp-content\/uploads\/2023\/11\/Sourdiesel-600x600-1.jpg\" \/>\n\t<meta property=\"og:image:width\" content=\"600\" \/>\n\t<meta property=\"og:image:height\" content=\"600\" \/>\n\t<meta property=\"og:image:type\" content=\"image\/jpeg\" \/>\n<meta name=\"twitter:card\" content=\"summary_large_image\" \/>\n<script type=\"application\/ld+json\" class=\"yoast-schema-graph\">{\"@context\":\"https:\/\/schema.org\",\"@graph\":[{\"@type\":\"WebPage\",\"@id\":\"https:\/\/milanjahemp.com\/index.php\/product\/sour-diesel-x-hhc\/\",\"url\":\"https:\/\/milanjahemp.com\/index.php\/product\/sour-diesel-x-hhc\/\",\"name\":\"Sour Diesel x HHC - milanjahemp.com\",\"isPartOf\":{\"@id\":\"https:\/\/milanjahemp.com\/#website\"},\"datePublished\":\"2023-11-20T17:26:59+00:00\",\"dateModified\":\"2023-11-21T06:08:10+00:00\",\"breadcrumb\":{\"@id\":\"https:\/\/milanjahemp.com\/index.php\/product\/sour-diesel-x-hhc\/#breadcrumb\"},\"inLanguage\":\"it-IT\",\"potentialAction\":[{\"@type\":\"ReadAction\",\"target\":[\"https:\/\/milanjahemp.com\/index.php\/product\/sour-diesel-x-hhc\/\"]}]},{\"@type\":\"BreadcrumbList\",\"@id\":\"https:\/\/milanjahemp.com\/index.php\/product\/sour-diesel-x-hhc\/#breadcrumb\",\"itemListElement\":[{\"@type\":\"ListItem\",\"position\":1,\"name\":\"Home\",\"item\":\"https:\/\/milanjahemp.com\/\"},{\"@type\":\"ListItem\",\"position\":2,\"name\":\"Shop\",\"item\":\"https:\/\/milanjahemp.com\/index.php\/shop\/\"},{\"@type\":\"ListItem\",\"position\":3,\"name\":\"Sour Diesel x HHC\"}]},{\"@type\":\"WebSite\",\"@id\":\"https:\/\/milanjahemp.com\/#website\",\"url\":\"https:\/\/milanjahemp.com\/\",\"name\":\"milanjahemp.com\",\"description\":\"\",\"potentialAction\":[{\"@type\":\"SearchAction\",\"target\":{\"@type\":\"EntryPoint\",\"urlTemplate\":\"https:\/\/milanjahemp.com\/?s={search_term_string}\"},\"query-input\":\"required name=search_term_string\"}],\"inLanguage\":\"it-IT\"}]}<\/script>\n<!-- \/ Yoast SEO plugin. -->","yoast_head_json":{"title":"Sour Diesel x HHC - milanjahemp.com","robots":{"index":"index","follow":"follow","max-snippet":"max-snippet:-1","max-image-preview":"max-image-preview:large","max-video-preview":"max-video-preview:-1"},"canonical":"https:\/\/milanjahemp.com\/index.php\/product\/sour-diesel-x-hhc\/","og_locale":"it_IT","og_type":"article","og_title":"Sour Diesel x HHC - milanjahemp.com","og_description":"Fiori di canapa CBD da coltivazione indoor Contenuto di CBD 20 - 25% Contenuto di HHC 55-60% Contenuto di THC inferiore allo 0,2%. Spedizione dall'Europa Variet\u00e0 di canapa industriale certificate dall'UE","og_url":"https:\/\/milanjahemp.com\/index.php\/product\/sour-diesel-x-hhc\/","og_site_name":"milanjahemp.com","article_modified_time":"2023-11-21T06:08:10+00:00","og_image":[{"width":600,"height":600,"url":"http:\/\/milanjahemp.com\/wp-content\/uploads\/2023\/11\/Sourdiesel-600x600-1.jpg","type":"image\/jpeg"}],"twitter_card":"summary_large_image","schema":{"@context":"https:\/\/schema.org","@graph":[{"@type":"WebPage","@id":"https:\/\/milanjahemp.com\/index.php\/product\/sour-diesel-x-hhc\/","url":"https:\/\/milanjahemp.com\/index.php\/product\/sour-diesel-x-hhc\/","name":"Sour Diesel x HHC - milanjahemp.com","isPartOf":{"@id":"https:\/\/milanjahemp.com\/#website"},"datePublished":"2023-11-20T17:26:59+00:00","dateModified":"2023-11-21T06:08:10+00:00","breadcrumb":{"@id":"https:\/\/milanjahemp.com\/index.php\/product\/sour-diesel-x-hhc\/#breadcrumb"},"inLanguage":"it-IT","potentialAction":[{"@type":"ReadAction","target":["https:\/\/milanjahemp.com\/index.php\/product\/sour-diesel-x-hhc\/"]}]},{"@type":"BreadcrumbList","@id":"https:\/\/milanjahemp.com\/index.php\/product\/sour-diesel-x-hhc\/#breadcrumb","itemListElement":[{"@type":"ListItem","position":1,"name":"Home","item":"https:\/\/milanjahemp.com\/"},{"@type":"ListItem","position":2,"name":"Shop","item":"https:\/\/milanjahemp.com\/index.php\/shop\/"},{"@type":"ListItem","position":3,"name":"Sour Diesel x HHC"}]},{"@type":"WebSite","@id":"https:\/\/milanjahemp.com\/#website","url":"https:\/\/milanjahemp.com\/","name":"milanjahemp.com","description":"","potentialAction":[{"@type":"SearchAction","target":{"@type":"EntryPoint","urlTemplate":"https:\/\/milanjahemp.com\/?s={search_term_string}"},"query-input":"required name=search_term_string"}],"inLanguage":"it-IT"}]}},"_links":{"self":[{"href":"https:\/\/milanjahemp.com\/index.php\/wp-json\/wp\/v2\/product\/1726"}],"collection":[{"href":"https:\/\/milanjahemp.com\/index.php\/wp-json\/wp\/v2\/product"}],"about":[{"href":"https:\/\/milanjahemp.com\/index.php\/wp-json\/wp\/v2\/types\/product"}],"replies":[{"embeddable":true,"href":"https:\/\/milanjahemp.com\/index.php\/wp-json\/wp\/v2\/comments?post=1726"}],"version-history":[{"count":3,"href":"https:\/\/milanjahemp.com\/index.php\/wp-json\/wp\/v2\/product\/1726\/revisions"}],"predecessor-version":[{"id":1961,"href":"https:\/\/milanjahemp.com\/index.php\/wp-json\/wp\/v2\/product\/1726\/revisions\/1961"}],"wp:featuredmedia":[{"embeddable":true,"href":"https:\/\/milanjahemp.com\/index.php\/wp-json\/wp\/v2\/media\/1787"}],"wp:attachment":[{"href":"https:\/\/milanjahemp.com\/index.php\/wp-json\/wp\/v2\/media?parent=1726"}],"wp:term":[{"taxonomy":"brand","embeddable":true,"href":"https:\/\/milanjahemp.com\/index.php\/wp-json\/wp\/v2\/etheme_brands?post=1726"},{"taxonomy":"product_cat","embeddable":true,"href":"https:\/\/milanjahemp.com\/index.php\/wp-json\/wp\/v2\/product_cat?post=1726"},{"taxonomy":"product_tag","embeddable":true,"href":"https:\/\/milanjahemp.com\/index.php\/wp-json\/wp\/v2\/product_tag?post=1726"}],"curies":[{"name":"wp","href":"https:\/\/api.w.org\/{rel}","templated":true}]}}