{"id":1729,"date":"2023-11-20T17:26:59","date_gmt":"2023-11-20T17:26:59","guid":{"rendered":"https:\/\/milanjahemp.com\/?post_type=product&#038;p=1729"},"modified":"2023-11-21T06:04:46","modified_gmt":"2023-11-21T06:04:46","slug":"jack-herer-x-hhc","status":"publish","type":"product","link":"https:\/\/milanjahemp.com\/index.php\/product\/jack-herer-x-hhc\/","title":{"rendered":"Jack Herer x HHC"},"content":{"rendered":"<h3>Esplora l&#8217;Esclusivit\u00e0 con Jack Herer &#8211; Cannabis Light HHC<\/h3>\n<h4>Aroma Inconfondibile<\/h4>\n<p>Il nostro Jack Herer in Cannabis Light HHC si distingue per il suo profilo aromatico unico, mescolando sentori di pino, pepe e un tocco di agrumi. Un&#8217;esperienza olfattiva che risveglia i sensi.<\/p>\n<h4>Qualit\u00e0 Superiore e Naturalezza<\/h4>\n<p>Ogni fiore di Jack Herer \u00e8 coltivato con cura, assicurando un prodotto di altissima qualit\u00e0. Testato indipendentemente, \u00e8 garantito senza pesticidi n\u00e9 metalli pesanti, offrendo una purezza eccezionale.<\/p>\n<h4>Effetti Benefici e Rilassanti<\/h4>\n<p>La variet\u00e0 Jack Herer \u00e8 conosciuta per i suoi effetti stimolanti e vivaci, ideale per momenti di creativit\u00e0 o per un impulso di energia durante la giornata. Con HHC, godrai dei benefici senza effetti psicoattivi.<\/p>\n<h4>Esperienza Utente Ottimizzata<\/h4>\n<p>I nostri fiori di Cannabis Light HHC sono facili da usare e versatili, adatti sia per esperienze di vaporizzazione che per infusi. Un prodotto ideale sia per i neofiti che per gli esperti.<\/p>\n","protected":false},"excerpt":{"rendered":"<p>Fiori di canapa CBD da coltivazione indoor<br \/>\nContenuto di CBD 14 &#8211; 16%<br \/>\nContenuto di HHC 30 &#8211; 35%<br \/>\nContenuto di THC inferiore allo 0,2%.<br \/>\nSpedizione dall&#8217;Europa<br \/>\nVariet\u00e0 di canapa industriale certificate dall&#8217;UE<\/p>\n","protected":false},"featured_media":1796,"comment_status":"open","ping_status":"closed","template":"","meta":[],"etheme_brands":[],"product_cat":[44],"product_tag":[],"yoast_head":"<!-- This site is optimized with the Yoast SEO plugin v21.7 - https:\/\/yoast.com\/wordpress\/plugins\/seo\/ -->\n<title>Jack Herer x HHC - milanjahemp.com<\/title>\n<meta name=\"robots\" content=\"index, follow, max-snippet:-1, max-image-preview:large, max-video-preview:-1\" \/>\n<link rel=\"canonical\" href=\"https:\/\/milanjahemp.com\/index.php\/product\/jack-herer-x-hhc\/\" \/>\n<meta property=\"og:locale\" content=\"it_IT\" \/>\n<meta property=\"og:type\" content=\"article\" \/>\n<meta property=\"og:title\" content=\"Jack Herer x HHC - milanjahemp.com\" \/>\n<meta property=\"og:description\" content=\"Fiori di canapa CBD da coltivazione indoor Contenuto di CBD 14 - 16% Contenuto di HHC 30 - 35% Contenuto di THC inferiore allo 0,2%. Spedizione dall&#039;Europa Variet\u00e0 di canapa industriale certificate dall&#039;UE\" \/>\n<meta property=\"og:url\" content=\"https:\/\/milanjahemp.com\/index.php\/product\/jack-herer-x-hhc\/\" \/>\n<meta property=\"og:site_name\" content=\"milanjahemp.com\" \/>\n<meta property=\"article:modified_time\" content=\"2023-11-21T06:04:46+00:00\" \/>\n<meta property=\"og:image\" content=\"http:\/\/milanjahemp.com\/wp-content\/uploads\/2023\/11\/Unbenannt-4-600x600-1.jpg\" \/>\n\t<meta property=\"og:image:width\" content=\"600\" \/>\n\t<meta property=\"og:image:height\" content=\"600\" \/>\n\t<meta property=\"og:image:type\" content=\"image\/jpeg\" \/>\n<meta name=\"twitter:card\" content=\"summary_large_image\" \/>\n<meta name=\"twitter:label1\" content=\"Tempo di lettura stimato\" \/>\n\t<meta name=\"twitter:data1\" content=\"1 minuto\" \/>\n<script type=\"application\/ld+json\" class=\"yoast-schema-graph\">{\"@context\":\"https:\/\/schema.org\",\"@graph\":[{\"@type\":\"WebPage\",\"@id\":\"https:\/\/milanjahemp.com\/index.php\/product\/jack-herer-x-hhc\/\",\"url\":\"https:\/\/milanjahemp.com\/index.php\/product\/jack-herer-x-hhc\/\",\"name\":\"Jack Herer x HHC - milanjahemp.com\",\"isPartOf\":{\"@id\":\"https:\/\/milanjahemp.com\/#website\"},\"datePublished\":\"2023-11-20T17:26:59+00:00\",\"dateModified\":\"2023-11-21T06:04:46+00:00\",\"breadcrumb\":{\"@id\":\"https:\/\/milanjahemp.com\/index.php\/product\/jack-herer-x-hhc\/#breadcrumb\"},\"inLanguage\":\"it-IT\",\"potentialAction\":[{\"@type\":\"ReadAction\",\"target\":[\"https:\/\/milanjahemp.com\/index.php\/product\/jack-herer-x-hhc\/\"]}]},{\"@type\":\"BreadcrumbList\",\"@id\":\"https:\/\/milanjahemp.com\/index.php\/product\/jack-herer-x-hhc\/#breadcrumb\",\"itemListElement\":[{\"@type\":\"ListItem\",\"position\":1,\"name\":\"Home\",\"item\":\"https:\/\/milanjahemp.com\/\"},{\"@type\":\"ListItem\",\"position\":2,\"name\":\"Shop\",\"item\":\"https:\/\/milanjahemp.com\/index.php\/shop\/\"},{\"@type\":\"ListItem\",\"position\":3,\"name\":\"Jack Herer x HHC\"}]},{\"@type\":\"WebSite\",\"@id\":\"https:\/\/milanjahemp.com\/#website\",\"url\":\"https:\/\/milanjahemp.com\/\",\"name\":\"milanjahemp.com\",\"description\":\"\",\"potentialAction\":[{\"@type\":\"SearchAction\",\"target\":{\"@type\":\"EntryPoint\",\"urlTemplate\":\"https:\/\/milanjahemp.com\/?s={search_term_string}\"},\"query-input\":\"required name=search_term_string\"}],\"inLanguage\":\"it-IT\"}]}<\/script>\n<!-- \/ Yoast SEO plugin. -->","yoast_head_json":{"title":"Jack Herer x HHC - milanjahemp.com","robots":{"index":"index","follow":"follow","max-snippet":"max-snippet:-1","max-image-preview":"max-image-preview:large","max-video-preview":"max-video-preview:-1"},"canonical":"https:\/\/milanjahemp.com\/index.php\/product\/jack-herer-x-hhc\/","og_locale":"it_IT","og_type":"article","og_title":"Jack Herer x HHC - milanjahemp.com","og_description":"Fiori di canapa CBD da coltivazione indoor Contenuto di CBD 14 - 16% Contenuto di HHC 30 - 35% Contenuto di THC inferiore allo 0,2%. Spedizione dall'Europa Variet\u00e0 di canapa industriale certificate dall'UE","og_url":"https:\/\/milanjahemp.com\/index.php\/product\/jack-herer-x-hhc\/","og_site_name":"milanjahemp.com","article_modified_time":"2023-11-21T06:04:46+00:00","og_image":[{"width":600,"height":600,"url":"http:\/\/milanjahemp.com\/wp-content\/uploads\/2023\/11\/Unbenannt-4-600x600-1.jpg","type":"image\/jpeg"}],"twitter_card":"summary_large_image","twitter_misc":{"Tempo di lettura stimato":"1 minuto"},"schema":{"@context":"https:\/\/schema.org","@graph":[{"@type":"WebPage","@id":"https:\/\/milanjahemp.com\/index.php\/product\/jack-herer-x-hhc\/","url":"https:\/\/milanjahemp.com\/index.php\/product\/jack-herer-x-hhc\/","name":"Jack Herer x HHC - milanjahemp.com","isPartOf":{"@id":"https:\/\/milanjahemp.com\/#website"},"datePublished":"2023-11-20T17:26:59+00:00","dateModified":"2023-11-21T06:04:46+00:00","breadcrumb":{"@id":"https:\/\/milanjahemp.com\/index.php\/product\/jack-herer-x-hhc\/#breadcrumb"},"inLanguage":"it-IT","potentialAction":[{"@type":"ReadAction","target":["https:\/\/milanjahemp.com\/index.php\/product\/jack-herer-x-hhc\/"]}]},{"@type":"BreadcrumbList","@id":"https:\/\/milanjahemp.com\/index.php\/product\/jack-herer-x-hhc\/#breadcrumb","itemListElement":[{"@type":"ListItem","position":1,"name":"Home","item":"https:\/\/milanjahemp.com\/"},{"@type":"ListItem","position":2,"name":"Shop","item":"https:\/\/milanjahemp.com\/index.php\/shop\/"},{"@type":"ListItem","position":3,"name":"Jack Herer x HHC"}]},{"@type":"WebSite","@id":"https:\/\/milanjahemp.com\/#website","url":"https:\/\/milanjahemp.com\/","name":"milanjahemp.com","description":"","potentialAction":[{"@type":"SearchAction","target":{"@type":"EntryPoint","urlTemplate":"https:\/\/milanjahemp.com\/?s={search_term_string}"},"query-input":"required name=search_term_string"}],"inLanguage":"it-IT"}]}},"_links":{"self":[{"href":"https:\/\/milanjahemp.com\/index.php\/wp-json\/wp\/v2\/product\/1729"}],"collection":[{"href":"https:\/\/milanjahemp.com\/index.php\/wp-json\/wp\/v2\/product"}],"about":[{"href":"https:\/\/milanjahemp.com\/index.php\/wp-json\/wp\/v2\/types\/product"}],"replies":[{"embeddable":true,"href":"https:\/\/milanjahemp.com\/index.php\/wp-json\/wp\/v2\/comments?post=1729"}],"version-history":[{"count":3,"href":"https:\/\/milanjahemp.com\/index.php\/wp-json\/wp\/v2\/product\/1729\/revisions"}],"predecessor-version":[{"id":1958,"href":"https:\/\/milanjahemp.com\/index.php\/wp-json\/wp\/v2\/product\/1729\/revisions\/1958"}],"wp:featuredmedia":[{"embeddable":true,"href":"https:\/\/milanjahemp.com\/index.php\/wp-json\/wp\/v2\/media\/1796"}],"wp:attachment":[{"href":"https:\/\/milanjahemp.com\/index.php\/wp-json\/wp\/v2\/media?parent=1729"}],"wp:term":[{"taxonomy":"brand","embeddable":true,"href":"https:\/\/milanjahemp.com\/index.php\/wp-json\/wp\/v2\/etheme_brands?post=1729"},{"taxonomy":"product_cat","embeddable":true,"href":"https:\/\/milanjahemp.com\/index.php\/wp-json\/wp\/v2\/product_cat?post=1729"},{"taxonomy":"product_tag","embeddable":true,"href":"https:\/\/milanjahemp.com\/index.php\/wp-json\/wp\/v2\/product_tag?post=1729"}],"curies":[{"name":"wp","href":"https:\/\/api.w.org\/{rel}","templated":true}]}}