{"id":2033,"date":"2023-11-22T04:43:29","date_gmt":"2023-11-22T04:43:29","guid":{"rendered":"https:\/\/milanjahemp.com\/?post_type=product&#038;p=2033"},"modified":"2023-11-23T04:42:35","modified_gmt":"2023-11-23T04:42:35","slug":"tp-vapes-amnesia","status":"publish","type":"product","link":"https:\/\/milanjahemp.com\/index.php\/product\/tp-vapes-amnesia\/","title":{"rendered":"Amnesia &#8211; THCP Vape"},"content":{"rendered":"<h3>Scopri il Piacere Puro con Amnesia Svapo THCP<\/h3>\n<h4>Aroma Inebriante e Unico<\/h4>\n<p>Il nostro Amnesia Svapo THCP offre un&#8217;esperienza sensoriale senza pari con le sue note distintive e avvolgenti. Non \u00e8 solo un prodotto, ma un vero e proprio viaggio nel mondo degli aromi.<\/p>\n<h4>Potenza e Purezza Garantite<\/h4>\n<p>Sottoposto a severi controlli di qualit\u00e0, Amnesia Svapo THCP garantisce un&#8217;esperienza di svapo di alto livello. Utilizziamo solo olio di THCP di alta qualit\u00e0 e terpeni naturali, assicurando un prodotto privo di pesticidi, metalli pesanti e solventi.<\/p>\n<h4>Design Pratico e Facile da Usare<\/h4>\n<p>I nostri vaporizzatori sono pre-riempiti e compatibili con la maggior parte delle penne per svapo con filettatura 510, garantendo un utilizzo semplice e immediato. Sia che tu sia un neofita dello svapo o un esperto, Amnesia Svapo THCP \u00e8 pensato per un&#8217;esperienza senza intoppi.<\/p>\n<h4>I Benefici del THCP<\/h4>\n<p>Il THCP \u00e8 conosciuto per le sue potenziali propriet\u00e0 di rilassamento e benessere. La nostra miscela Amnesia \u00e8 perfetta per concedersi un momento di relax dopo una giornata intensa, senza effetti psicoattivi. Un vero toccasana per il tuo benessere quotidiano.<\/p>\n<p>Scegli Amnesia Svapo THCP per un&#8217;esperienza di svapo potente, pura e piacevolmente aromatica. La scelta ideale per chi cerca qualit\u00e0 e piacere in ogni puff.<\/p>\n","protected":false},"excerpt":{"rendered":"<ul>\n<li>THC-P: 10%<\/li>\n<li>THC : 0%<\/li>\n<\/ul>\n","protected":false},"featured_media":2396,"comment_status":"open","ping_status":"closed","template":"","meta":[],"etheme_brands":[],"product_cat":[117,114],"product_tag":[],"yoast_head":"<!-- This site is optimized with the Yoast SEO plugin v21.7 - https:\/\/yoast.com\/wordpress\/plugins\/seo\/ -->\n<title>Amnesia - THCP Vape - milanjahemp.com<\/title>\n<meta name=\"robots\" content=\"index, follow, max-snippet:-1, max-image-preview:large, max-video-preview:-1\" \/>\n<link rel=\"canonical\" href=\"https:\/\/milanjahemp.com\/index.php\/product\/tp-vapes-amnesia\/\" \/>\n<meta property=\"og:locale\" content=\"it_IT\" \/>\n<meta property=\"og:type\" content=\"article\" \/>\n<meta property=\"og:title\" content=\"Amnesia - THCP Vape - milanjahemp.com\" \/>\n<meta property=\"og:description\" content=\"THC-P: 10%  THC : 0%\" \/>\n<meta property=\"og:url\" content=\"https:\/\/milanjahemp.com\/index.php\/product\/tp-vapes-amnesia\/\" \/>\n<meta property=\"og:site_name\" content=\"milanjahemp.com\" \/>\n<meta property=\"article:modified_time\" content=\"2023-11-23T04:42:35+00:00\" \/>\n<meta property=\"og:image\" content=\"http:\/\/milanjahemp.com\/wp-content\/uploads\/2023\/11\/Untitled-1.png\" \/>\n\t<meta property=\"og:image:width\" content=\"768\" \/>\n\t<meta property=\"og:image:height\" content=\"768\" \/>\n\t<meta property=\"og:image:type\" content=\"image\/png\" \/>\n<meta name=\"twitter:card\" content=\"summary_large_image\" \/>\n<script type=\"application\/ld+json\" class=\"yoast-schema-graph\">{\"@context\":\"https:\/\/schema.org\",\"@graph\":[{\"@type\":\"WebPage\",\"@id\":\"https:\/\/milanjahemp.com\/index.php\/product\/tp-vapes-amnesia\/\",\"url\":\"https:\/\/milanjahemp.com\/index.php\/product\/tp-vapes-amnesia\/\",\"name\":\"Amnesia - THCP Vape - milanjahemp.com\",\"isPartOf\":{\"@id\":\"https:\/\/milanjahemp.com\/#website\"},\"datePublished\":\"2023-11-22T04:43:29+00:00\",\"dateModified\":\"2023-11-23T04:42:35+00:00\",\"breadcrumb\":{\"@id\":\"https:\/\/milanjahemp.com\/index.php\/product\/tp-vapes-amnesia\/#breadcrumb\"},\"inLanguage\":\"it-IT\",\"potentialAction\":[{\"@type\":\"ReadAction\",\"target\":[\"https:\/\/milanjahemp.com\/index.php\/product\/tp-vapes-amnesia\/\"]}]},{\"@type\":\"BreadcrumbList\",\"@id\":\"https:\/\/milanjahemp.com\/index.php\/product\/tp-vapes-amnesia\/#breadcrumb\",\"itemListElement\":[{\"@type\":\"ListItem\",\"position\":1,\"name\":\"Home\",\"item\":\"https:\/\/milanjahemp.com\/\"},{\"@type\":\"ListItem\",\"position\":2,\"name\":\"Shop\",\"item\":\"https:\/\/milanjahemp.com\/index.php\/shop\/\"},{\"@type\":\"ListItem\",\"position\":3,\"name\":\"Amnesia &#8211; THCP Vape\"}]},{\"@type\":\"WebSite\",\"@id\":\"https:\/\/milanjahemp.com\/#website\",\"url\":\"https:\/\/milanjahemp.com\/\",\"name\":\"milanjahemp.com\",\"description\":\"\",\"potentialAction\":[{\"@type\":\"SearchAction\",\"target\":{\"@type\":\"EntryPoint\",\"urlTemplate\":\"https:\/\/milanjahemp.com\/?s={search_term_string}\"},\"query-input\":\"required name=search_term_string\"}],\"inLanguage\":\"it-IT\"}]}<\/script>\n<!-- \/ Yoast SEO plugin. -->","yoast_head_json":{"title":"Amnesia - THCP Vape - milanjahemp.com","robots":{"index":"index","follow":"follow","max-snippet":"max-snippet:-1","max-image-preview":"max-image-preview:large","max-video-preview":"max-video-preview:-1"},"canonical":"https:\/\/milanjahemp.com\/index.php\/product\/tp-vapes-amnesia\/","og_locale":"it_IT","og_type":"article","og_title":"Amnesia - THCP Vape - milanjahemp.com","og_description":"THC-P: 10%  THC : 0%","og_url":"https:\/\/milanjahemp.com\/index.php\/product\/tp-vapes-amnesia\/","og_site_name":"milanjahemp.com","article_modified_time":"2023-11-23T04:42:35+00:00","og_image":[{"width":768,"height":768,"url":"http:\/\/milanjahemp.com\/wp-content\/uploads\/2023\/11\/Untitled-1.png","type":"image\/png"}],"twitter_card":"summary_large_image","schema":{"@context":"https:\/\/schema.org","@graph":[{"@type":"WebPage","@id":"https:\/\/milanjahemp.com\/index.php\/product\/tp-vapes-amnesia\/","url":"https:\/\/milanjahemp.com\/index.php\/product\/tp-vapes-amnesia\/","name":"Amnesia - THCP Vape - milanjahemp.com","isPartOf":{"@id":"https:\/\/milanjahemp.com\/#website"},"datePublished":"2023-11-22T04:43:29+00:00","dateModified":"2023-11-23T04:42:35+00:00","breadcrumb":{"@id":"https:\/\/milanjahemp.com\/index.php\/product\/tp-vapes-amnesia\/#breadcrumb"},"inLanguage":"it-IT","potentialAction":[{"@type":"ReadAction","target":["https:\/\/milanjahemp.com\/index.php\/product\/tp-vapes-amnesia\/"]}]},{"@type":"BreadcrumbList","@id":"https:\/\/milanjahemp.com\/index.php\/product\/tp-vapes-amnesia\/#breadcrumb","itemListElement":[{"@type":"ListItem","position":1,"name":"Home","item":"https:\/\/milanjahemp.com\/"},{"@type":"ListItem","position":2,"name":"Shop","item":"https:\/\/milanjahemp.com\/index.php\/shop\/"},{"@type":"ListItem","position":3,"name":"Amnesia &#8211; THCP Vape"}]},{"@type":"WebSite","@id":"https:\/\/milanjahemp.com\/#website","url":"https:\/\/milanjahemp.com\/","name":"milanjahemp.com","description":"","potentialAction":[{"@type":"SearchAction","target":{"@type":"EntryPoint","urlTemplate":"https:\/\/milanjahemp.com\/?s={search_term_string}"},"query-input":"required name=search_term_string"}],"inLanguage":"it-IT"}]}},"_links":{"self":[{"href":"https:\/\/milanjahemp.com\/index.php\/wp-json\/wp\/v2\/product\/2033"}],"collection":[{"href":"https:\/\/milanjahemp.com\/index.php\/wp-json\/wp\/v2\/product"}],"about":[{"href":"https:\/\/milanjahemp.com\/index.php\/wp-json\/wp\/v2\/types\/product"}],"replies":[{"embeddable":true,"href":"https:\/\/milanjahemp.com\/index.php\/wp-json\/wp\/v2\/comments?post=2033"}],"version-history":[{"count":5,"href":"https:\/\/milanjahemp.com\/index.php\/wp-json\/wp\/v2\/product\/2033\/revisions"}],"predecessor-version":[{"id":2427,"href":"https:\/\/milanjahemp.com\/index.php\/wp-json\/wp\/v2\/product\/2033\/revisions\/2427"}],"wp:featuredmedia":[{"embeddable":true,"href":"https:\/\/milanjahemp.com\/index.php\/wp-json\/wp\/v2\/media\/2396"}],"wp:attachment":[{"href":"https:\/\/milanjahemp.com\/index.php\/wp-json\/wp\/v2\/media?parent=2033"}],"wp:term":[{"taxonomy":"brand","embeddable":true,"href":"https:\/\/milanjahemp.com\/index.php\/wp-json\/wp\/v2\/etheme_brands?post=2033"},{"taxonomy":"product_cat","embeddable":true,"href":"https:\/\/milanjahemp.com\/index.php\/wp-json\/wp\/v2\/product_cat?post=2033"},{"taxonomy":"product_tag","embeddable":true,"href":"https:\/\/milanjahemp.com\/index.php\/wp-json\/wp\/v2\/product_tag?post=2033"}],"curies":[{"name":"wp","href":"https:\/\/api.w.org\/{rel}","templated":true}]}}