{"id":2080,"date":"2023-11-22T04:43:50","date_gmt":"2023-11-22T04:43:50","guid":{"rendered":"https:\/\/milanjahemp.com\/?post_type=product&#038;p=2080"},"modified":"2023-11-22T06:43:25","modified_gmt":"2023-11-22T06:43:25","slug":"orange-bud-x-tp","status":"publish","type":"product","link":"https:\/\/milanjahemp.com\/index.php\/product\/orange-bud-x-tp\/","title":{"rendered":"Orange Bud x THCP"},"content":{"rendered":"<h3>Scopri il Piacere Raffinato con Orange Bud THCP Cannabis Light<\/h3>\n<h4>Aroma Intenso e Inconfondibile<\/h4>\n<p>Il nostro Orange Bud THCP Cannabis Light offre una miscela ricca di note agrumate e fresche, per un&#8217;esperienza olfattiva unica e avvolgente. Non \u00e8 solo un fiore di cannabis, \u00e8 un viaggio sensoriale in un mondo di aromi inebrianti.<\/p>\n<h4>Potenza e Purezza Garantite<\/h4>\n<p>Con i nostri rigorosi test di terze parti, puoi avere la certezza di ricevere un prodotto di alta qualit\u00e0 e potenza. Utilizziamo solo i migliori oli di THCP e terpeni naturali, assicurando un prodotto libero da pesticidi, metalli pesanti e solventi.<\/p>\n<h4>Facile da Usare<\/h4>\n<p>I nostri fiori Orange Bud THCP Cannabis Light sono pronti all&#8217;uso e perfetti per chi cerca un&#8217;esperienza autentica e naturale. Sia che tu sia un veterano del THCP o un nuovo appassionato, Orange Bud \u00e8 progettato per un&#8217;esperienza semplice e soddisfacente.<\/p>\n<h4>I Benefici del THCP<\/h4>\n<p>Il THCP \u00e8 noto per il suo potenziale nel fornire sollievo dallo stress, ansia e dolore, con un effetto pi\u00f9 marcato rispetto al THC tradizionale. Il nostro blend Orange Bud \u00e8 perfetto per rilassarsi dopo una lunga giornata, offrendo un&#8217;esperienza unica senza effetti psicoattivi.<\/p>\n<p>Scegli Orange Bud THCP Cannabis Light per un&#8217;esperienza di vaping potente, pura e piacevole. Fidati di noi; non te ne pentirai.<\/p>\n","protected":false},"excerpt":{"rendered":"<ul>\n<li>Contenuto di CBD: 18\u201320 %<\/li>\n<li>Contenuto di THCP: 3\u20135%<\/li>\n<li>Contenuto di THC inferiore allo 0,2%.<\/li>\n<li>Spedizione dall&#8217;Europa<\/li>\n<li>Variet\u00e0 di canapa commerciale certificate dall&#8217;UE<\/li>\n<li><\/li>\n<\/ul>\n","protected":false},"featured_media":2130,"comment_status":"open","ping_status":"closed","template":"","meta":[],"etheme_brands":[],"product_cat":[116,114],"product_tag":[],"yoast_head":"<!-- This site is optimized with the Yoast SEO plugin v21.7 - https:\/\/yoast.com\/wordpress\/plugins\/seo\/ -->\n<title>Orange Bud x THCP - milanjahemp.com<\/title>\n<meta name=\"robots\" content=\"index, follow, max-snippet:-1, max-image-preview:large, max-video-preview:-1\" \/>\n<link rel=\"canonical\" href=\"https:\/\/milanjahemp.com\/index.php\/product\/orange-bud-x-tp\/\" \/>\n<meta property=\"og:locale\" content=\"it_IT\" \/>\n<meta property=\"og:type\" content=\"article\" \/>\n<meta property=\"og:title\" content=\"Orange Bud x THCP - milanjahemp.com\" \/>\n<meta property=\"og:description\" content=\"Contenuto di CBD: 18\u201320 %  Contenuto di THCP: 3\u20135%  Contenuto di THC inferiore allo 0,2%.  Spedizione dall&#039;Europa  Variet\u00e0 di canapa commerciale certificate dall&#039;UE\" \/>\n<meta property=\"og:url\" content=\"https:\/\/milanjahemp.com\/index.php\/product\/orange-bud-x-tp\/\" \/>\n<meta property=\"og:site_name\" content=\"milanjahemp.com\" \/>\n<meta property=\"article:modified_time\" content=\"2023-11-22T06:43:25+00:00\" \/>\n<meta property=\"og:image\" content=\"http:\/\/milanjahemp.com\/wp-content\/uploads\/2023\/11\/Orangebuddd.jpg\" \/>\n\t<meta property=\"og:image:width\" content=\"1000\" \/>\n\t<meta property=\"og:image:height\" content=\"1000\" \/>\n\t<meta property=\"og:image:type\" content=\"image\/jpeg\" \/>\n<meta name=\"twitter:card\" content=\"summary_large_image\" \/>\n<meta name=\"twitter:label1\" content=\"Tempo di lettura stimato\" \/>\n\t<meta name=\"twitter:data1\" content=\"2 minuti\" \/>\n<script type=\"application\/ld+json\" class=\"yoast-schema-graph\">{\"@context\":\"https:\/\/schema.org\",\"@graph\":[{\"@type\":\"WebPage\",\"@id\":\"https:\/\/milanjahemp.com\/index.php\/product\/orange-bud-x-tp\/\",\"url\":\"https:\/\/milanjahemp.com\/index.php\/product\/orange-bud-x-tp\/\",\"name\":\"Orange Bud x THCP - milanjahemp.com\",\"isPartOf\":{\"@id\":\"https:\/\/milanjahemp.com\/#website\"},\"datePublished\":\"2023-11-22T04:43:50+00:00\",\"dateModified\":\"2023-11-22T06:43:25+00:00\",\"breadcrumb\":{\"@id\":\"https:\/\/milanjahemp.com\/index.php\/product\/orange-bud-x-tp\/#breadcrumb\"},\"inLanguage\":\"it-IT\",\"potentialAction\":[{\"@type\":\"ReadAction\",\"target\":[\"https:\/\/milanjahemp.com\/index.php\/product\/orange-bud-x-tp\/\"]}]},{\"@type\":\"BreadcrumbList\",\"@id\":\"https:\/\/milanjahemp.com\/index.php\/product\/orange-bud-x-tp\/#breadcrumb\",\"itemListElement\":[{\"@type\":\"ListItem\",\"position\":1,\"name\":\"Home\",\"item\":\"https:\/\/milanjahemp.com\/\"},{\"@type\":\"ListItem\",\"position\":2,\"name\":\"Shop\",\"item\":\"https:\/\/milanjahemp.com\/index.php\/shop\/\"},{\"@type\":\"ListItem\",\"position\":3,\"name\":\"Orange Bud x THCP\"}]},{\"@type\":\"WebSite\",\"@id\":\"https:\/\/milanjahemp.com\/#website\",\"url\":\"https:\/\/milanjahemp.com\/\",\"name\":\"milanjahemp.com\",\"description\":\"\",\"potentialAction\":[{\"@type\":\"SearchAction\",\"target\":{\"@type\":\"EntryPoint\",\"urlTemplate\":\"https:\/\/milanjahemp.com\/?s={search_term_string}\"},\"query-input\":\"required name=search_term_string\"}],\"inLanguage\":\"it-IT\"}]}<\/script>\n<!-- \/ Yoast SEO plugin. -->","yoast_head_json":{"title":"Orange Bud x THCP - milanjahemp.com","robots":{"index":"index","follow":"follow","max-snippet":"max-snippet:-1","max-image-preview":"max-image-preview:large","max-video-preview":"max-video-preview:-1"},"canonical":"https:\/\/milanjahemp.com\/index.php\/product\/orange-bud-x-tp\/","og_locale":"it_IT","og_type":"article","og_title":"Orange Bud x THCP - milanjahemp.com","og_description":"Contenuto di CBD: 18\u201320 %  Contenuto di THCP: 3\u20135%  Contenuto di THC inferiore allo 0,2%.  Spedizione dall'Europa  Variet\u00e0 di canapa commerciale certificate dall'UE","og_url":"https:\/\/milanjahemp.com\/index.php\/product\/orange-bud-x-tp\/","og_site_name":"milanjahemp.com","article_modified_time":"2023-11-22T06:43:25+00:00","og_image":[{"width":1000,"height":1000,"url":"http:\/\/milanjahemp.com\/wp-content\/uploads\/2023\/11\/Orangebuddd.jpg","type":"image\/jpeg"}],"twitter_card":"summary_large_image","twitter_misc":{"Tempo di lettura stimato":"2 minuti"},"schema":{"@context":"https:\/\/schema.org","@graph":[{"@type":"WebPage","@id":"https:\/\/milanjahemp.com\/index.php\/product\/orange-bud-x-tp\/","url":"https:\/\/milanjahemp.com\/index.php\/product\/orange-bud-x-tp\/","name":"Orange Bud x THCP - milanjahemp.com","isPartOf":{"@id":"https:\/\/milanjahemp.com\/#website"},"datePublished":"2023-11-22T04:43:50+00:00","dateModified":"2023-11-22T06:43:25+00:00","breadcrumb":{"@id":"https:\/\/milanjahemp.com\/index.php\/product\/orange-bud-x-tp\/#breadcrumb"},"inLanguage":"it-IT","potentialAction":[{"@type":"ReadAction","target":["https:\/\/milanjahemp.com\/index.php\/product\/orange-bud-x-tp\/"]}]},{"@type":"BreadcrumbList","@id":"https:\/\/milanjahemp.com\/index.php\/product\/orange-bud-x-tp\/#breadcrumb","itemListElement":[{"@type":"ListItem","position":1,"name":"Home","item":"https:\/\/milanjahemp.com\/"},{"@type":"ListItem","position":2,"name":"Shop","item":"https:\/\/milanjahemp.com\/index.php\/shop\/"},{"@type":"ListItem","position":3,"name":"Orange Bud x THCP"}]},{"@type":"WebSite","@id":"https:\/\/milanjahemp.com\/#website","url":"https:\/\/milanjahemp.com\/","name":"milanjahemp.com","description":"","potentialAction":[{"@type":"SearchAction","target":{"@type":"EntryPoint","urlTemplate":"https:\/\/milanjahemp.com\/?s={search_term_string}"},"query-input":"required name=search_term_string"}],"inLanguage":"it-IT"}]}},"_links":{"self":[{"href":"https:\/\/milanjahemp.com\/index.php\/wp-json\/wp\/v2\/product\/2080"}],"collection":[{"href":"https:\/\/milanjahemp.com\/index.php\/wp-json\/wp\/v2\/product"}],"about":[{"href":"https:\/\/milanjahemp.com\/index.php\/wp-json\/wp\/v2\/types\/product"}],"replies":[{"embeddable":true,"href":"https:\/\/milanjahemp.com\/index.php\/wp-json\/wp\/v2\/comments?post=2080"}],"version-history":[{"count":6,"href":"https:\/\/milanjahemp.com\/index.php\/wp-json\/wp\/v2\/product\/2080\/revisions"}],"predecessor-version":[{"id":2333,"href":"https:\/\/milanjahemp.com\/index.php\/wp-json\/wp\/v2\/product\/2080\/revisions\/2333"}],"wp:featuredmedia":[{"embeddable":true,"href":"https:\/\/milanjahemp.com\/index.php\/wp-json\/wp\/v2\/media\/2130"}],"wp:attachment":[{"href":"https:\/\/milanjahemp.com\/index.php\/wp-json\/wp\/v2\/media?parent=2080"}],"wp:term":[{"taxonomy":"brand","embeddable":true,"href":"https:\/\/milanjahemp.com\/index.php\/wp-json\/wp\/v2\/etheme_brands?post=2080"},{"taxonomy":"product_cat","embeddable":true,"href":"https:\/\/milanjahemp.com\/index.php\/wp-json\/wp\/v2\/product_cat?post=2080"},{"taxonomy":"product_tag","embeddable":true,"href":"https:\/\/milanjahemp.com\/index.php\/wp-json\/wp\/v2\/product_tag?post=2080"}],"curies":[{"name":"wp","href":"https:\/\/api.w.org\/{rel}","templated":true}]}}